{"id":36257,"date":"2020-11-09T17:09:13","date_gmt":"2020-11-09T18:09:13","guid":{"rendered":"\/planear\/onde-comer\/"},"modified":"2023-05-09T15:38:27","modified_gmt":"2023-05-09T16:38:27","slug":"onde-comer","status":"publish","type":"page","link":"https:\/\/www.exploreterceiraisland.com\/de\/planear\/onde-comer\/","title":{"rendered":"Restaurants"},"content":{"rendered":"\t\t<div data-elementor-type=\"wp-page\" data-elementor-id=\"36257\" class=\"elementor elementor-36257 elementor-76\" data-elementor-post-type=\"page\">\n\t\t\t\t\t\t<section class=\"elementor-section elementor-top-section elementor-element elementor-element-475bf950 header01 elementor-section-boxed elementor-section-height-default elementor-section-height-default\" data-id=\"475bf950\" data-element_type=\"section\" data-e-type=\"section\" data-settings=\"{&quot;background_background&quot;:&quot;classic&quot;}\">\n\t\t\t\t\t\t<div class=\"elementor-container elementor-column-gap-default\">\n\t\t\t\t\t<div class=\"elementor-column elementor-col-100 elementor-top-column elementor-element elementor-element-12c01fc4\" data-id=\"12c01fc4\" data-element_type=\"column\" data-e-type=\"column\">\n\t\t\t<div class=\"elementor-widget-wrap\">\n\t\t\t\t\t\t\t<\/div>\n\t\t<\/div>\n\t\t\t\t\t<\/div>\n\t\t<\/section>\n\t\t\t\t<section class=\"elementor-section elementor-top-section elementor-element elementor-element-471642c elementor-section-boxed elementor-section-height-default elementor-section-height-default\" data-id=\"471642c\" data-element_type=\"section\" data-e-type=\"section\">\n\t\t\t\t\t\t<div class=\"elementor-container elementor-column-gap-default\">\n\t\t\t\t\t<div class=\"elementor-column elementor-col-100 elementor-top-column elementor-element elementor-element-242fa4d\" data-id=\"242fa4d\" data-element_type=\"column\" data-e-type=\"column\">\n\t\t\t<div class=\"elementor-widget-wrap elementor-element-populated\">\n\t\t\t\t\t\t<div class=\"elementor-element elementor-element-38a8b816 elementor-widget elementor-widget-heading\" data-id=\"38a8b816\" data-element_type=\"widget\" data-e-type=\"widget\" data-widget_type=\"heading.default\">\n\t\t\t\t<div class=\"elementor-widget-container\">\n\t\t\t\t\t<h1 class=\"elementor-heading-title elementor-size-default\">Restaurants<\/h1>\t\t\t\t<\/div>\n\t\t\t\t<\/div>\n\t\t\t\t<div class=\"elementor-element elementor-element-e8d7b19 sub-titulos elementor-widget elementor-widget-text-editor\" data-id=\"e8d7b19\" data-element_type=\"widget\" data-e-type=\"widget\" data-widget_type=\"text-editor.default\">\n\t\t\t\t<div class=\"elementor-widget-container\">\n\t\t\t\t\t\t\t\t\tDie K\u00fcche von Terceira ist als die Beste der Azoren bekannt. Unsere Gastronomie verw\u00f6hnt Sie mit Gerichten von der Mediterranen K\u00fcche bis zu vegetarischen Speisen, von kreativen Spezialit\u00e4ten bis zur Hausmannskost und mit einer gro\u00dfen Vielfalt an S\u00fc\u00dfspeisen.\t\t\t\t\t\t\t\t<\/div>\n\t\t\t\t<\/div>\n\t\t\t\t<div class=\"elementor-element elementor-element-9e5492f elementor-widget elementor-widget-gallery\" data-id=\"9e5492f\" data-element_type=\"widget\" data-e-type=\"widget\" data-settings=\"{&quot;gallery_layout&quot;:&quot;justified&quot;,&quot;gap&quot;:{&quot;unit&quot;:&quot;px&quot;,&quot;size&quot;:9,&quot;sizes&quot;:[]},&quot;lazyload&quot;:&quot;yes&quot;,&quot;ideal_row_height&quot;:{&quot;unit&quot;:&quot;px&quot;,&quot;size&quot;:200,&quot;sizes&quot;:[]},&quot;ideal_row_height_tablet&quot;:{&quot;unit&quot;:&quot;px&quot;,&quot;size&quot;:150,&quot;sizes&quot;:[]},&quot;ideal_row_height_mobile&quot;:{&quot;unit&quot;:&quot;px&quot;,&quot;size&quot;:150,&quot;sizes&quot;:[]},&quot;gap_tablet&quot;:{&quot;unit&quot;:&quot;px&quot;,&quot;size&quot;:10,&quot;sizes&quot;:[]},&quot;gap_mobile&quot;:{&quot;unit&quot;:&quot;px&quot;,&quot;size&quot;:10,&quot;sizes&quot;:[]},&quot;link_to&quot;:&quot;file&quot;,&quot;overlay_background&quot;:&quot;yes&quot;,&quot;content_hover_animation&quot;:&quot;fade-in&quot;}\" data-widget_type=\"gallery.default\">\n\t\t\t\t<div class=\"elementor-widget-container\">\n\t\t\t\t\t\t\t<div class=\"elementor-gallery__container\">\n\t\t\t\t\t\t\t<a class=\"e-gallery-item elementor-gallery-item elementor-animated-content\" href=\"https:\/\/www.exploreterceiraisland.com\/wp-content\/uploads\/2020\/12\/P1010053.jpg\" data-elementor-open-lightbox=\"yes\" data-elementor-lightbox-slideshow=\"9e5492f\" data-elementor-lightbox-title=\"Quinta dos A\u00e7ores\" data-e-action-hash=\"#elementor-action%3Aaction%3Dlightbox%26settings%3DeyJpZCI6MjQ5NzgsInVybCI6Imh0dHBzOlwvXC93d3cuZXhwbG9yZXRlcmNlaXJhaXNsYW5kLmNvbVwvd3AtY29udGVudFwvdXBsb2Fkc1wvMjAyMFwvMTJcL1AxMDEwMDUzLmpwZyIsInNsaWRlc2hvdyI6IjllNTQ5MmYifQ%3D%3D\">\n\t\t\t\t\t<div class=\"e-gallery-image elementor-gallery-item__image\" data-thumbnail=\"https:\/\/www.exploreterceiraisland.com\/wp-content\/uploads\/2020\/12\/P1010053-768x576.jpg\" data-width=\"768\" data-height=\"576\" aria-label=\"\" role=\"img\" ><\/div>\n\t\t\t\t\t\t\t\t\t\t\t<div class=\"elementor-gallery-item__overlay\"><\/div>\n\t\t\t\t\t\t\t\t\t\t\t\t\t\t<\/a>\n\t\t\t\t\t\t\t<a class=\"e-gallery-item elementor-gallery-item elementor-animated-content\" href=\"https:\/\/www.exploreterceiraisland.com\/wp-content\/uploads\/2020\/12\/Canadinha-2.jpg\" data-elementor-open-lightbox=\"yes\" data-elementor-lightbox-slideshow=\"9e5492f\" data-elementor-lightbox-title=\"Canadinha\" data-e-action-hash=\"#elementor-action%3Aaction%3Dlightbox%26settings%3DeyJpZCI6MjQ5ODMsInVybCI6Imh0dHBzOlwvXC93d3cuZXhwbG9yZXRlcmNlaXJhaXNsYW5kLmNvbVwvd3AtY29udGVudFwvdXBsb2Fkc1wvMjAyMFwvMTJcL0NhbmFkaW5oYS0yLmpwZyIsInNsaWRlc2hvdyI6IjllNTQ5MmYifQ%3D%3D\">\n\t\t\t\t\t<div class=\"e-gallery-image elementor-gallery-item__image\" data-thumbnail=\"https:\/\/www.exploreterceiraisland.com\/wp-content\/uploads\/2020\/12\/Canadinha-2.jpg\" data-width=\"711\" data-height=\"540\" aria-label=\"\" role=\"img\" ><\/div>\n\t\t\t\t\t\t\t\t\t\t\t<div class=\"elementor-gallery-item__overlay\"><\/div>\n\t\t\t\t\t\t\t\t\t\t\t\t\t\t<\/a>\n\t\t\t\t\t\t\t<a class=\"e-gallery-item elementor-gallery-item elementor-animated-content\" href=\"https:\/\/www.exploreterceiraisland.com\/wp-content\/uploads\/2020\/12\/Espadarte.jpg\" data-elementor-open-lightbox=\"yes\" data-elementor-lightbox-slideshow=\"9e5492f\" data-elementor-lightbox-title=\"O Pescador\" data-e-action-hash=\"#elementor-action%3Aaction%3Dlightbox%26settings%3DeyJpZCI6MjQ5ODgsInVybCI6Imh0dHBzOlwvXC93d3cuZXhwbG9yZXRlcmNlaXJhaXNsYW5kLmNvbVwvd3AtY29udGVudFwvdXBsb2Fkc1wvMjAyMFwvMTJcL0VzcGFkYXJ0ZS5qcGciLCJzbGlkZXNob3ciOiI5ZTU0OTJmIn0%3D\">\n\t\t\t\t\t<div class=\"e-gallery-image elementor-gallery-item__image\" data-thumbnail=\"https:\/\/www.exploreterceiraisland.com\/wp-content\/uploads\/2020\/12\/Espadarte-768x510.jpg\" data-width=\"768\" data-height=\"510\" aria-label=\"\" role=\"img\" ><\/div>\n\t\t\t\t\t\t\t\t\t\t\t<div class=\"elementor-gallery-item__overlay\"><\/div>\n\t\t\t\t\t\t\t\t\t\t\t\t\t\t<\/a>\n\t\t\t\t\t\t\t<a class=\"e-gallery-item elementor-gallery-item elementor-animated-content\" href=\"https:\/\/www.exploreterceiraisland.com\/wp-content\/uploads\/2020\/12\/Foto-2.jpg\" data-elementor-open-lightbox=\"yes\" data-elementor-lightbox-slideshow=\"9e5492f\" data-elementor-lightbox-title=\"Verde Ma\u00e7\u00e3\" data-e-action-hash=\"#elementor-action%3Aaction%3Dlightbox%26settings%3DeyJpZCI6MjQ5OTMsInVybCI6Imh0dHBzOlwvXC93d3cuZXhwbG9yZXRlcmNlaXJhaXNsYW5kLmNvbVwvd3AtY29udGVudFwvdXBsb2Fkc1wvMjAyMFwvMTJcL0ZvdG8tMi5qcGciLCJzbGlkZXNob3ciOiI5ZTU0OTJmIn0%3D\">\n\t\t\t\t\t<div class=\"e-gallery-image elementor-gallery-item__image\" data-thumbnail=\"https:\/\/www.exploreterceiraisland.com\/wp-content\/uploads\/2020\/12\/Foto-2.jpg\" data-width=\"480\" data-height=\"360\" aria-label=\"\" role=\"img\" ><\/div>\n\t\t\t\t\t\t\t\t\t\t\t<div class=\"elementor-gallery-item__overlay\"><\/div>\n\t\t\t\t\t\t\t\t\t\t\t\t\t\t<\/a>\n\t\t\t\t\t\t\t<a class=\"e-gallery-item elementor-gallery-item elementor-animated-content\" href=\"https:\/\/www.exploreterceiraisland.com\/wp-content\/uploads\/2020\/12\/HC_Restaurante11.jpg\" data-elementor-open-lightbox=\"yes\" data-elementor-lightbox-slideshow=\"9e5492f\" data-elementor-lightbox-title=\"Restaurante Hotel do Caracol\" data-e-action-hash=\"#elementor-action%3Aaction%3Dlightbox%26settings%3DeyJpZCI6MjQ5OTgsInVybCI6Imh0dHBzOlwvXC93d3cuZXhwbG9yZXRlcmNlaXJhaXNsYW5kLmNvbVwvd3AtY29udGVudFwvdXBsb2Fkc1wvMjAyMFwvMTJcL0hDX1Jlc3RhdXJhbnRlMTEuanBnIiwic2xpZGVzaG93IjoiOWU1NDkyZiJ9\">\n\t\t\t\t\t<div class=\"e-gallery-image elementor-gallery-item__image\" data-thumbnail=\"https:\/\/www.exploreterceiraisland.com\/wp-content\/uploads\/2020\/12\/HC_Restaurante11-768x639.jpg\" data-width=\"768\" data-height=\"639\" aria-label=\"\" role=\"img\" ><\/div>\n\t\t\t\t\t\t\t\t\t\t\t<div class=\"elementor-gallery-item__overlay\"><\/div>\n\t\t\t\t\t\t\t\t\t\t\t\t\t\t<\/a>\n\t\t\t\t\t\t\t<a class=\"e-gallery-item elementor-gallery-item elementor-animated-content\" href=\"https:\/\/www.exploreterceiraisland.com\/wp-content\/uploads\/2020\/12\/IMG_9464.jpg\" data-elementor-open-lightbox=\"yes\" data-elementor-lightbox-slideshow=\"9e5492f\" data-elementor-lightbox-title=\"Cais d&#039;Angra\" data-e-action-hash=\"#elementor-action%3Aaction%3Dlightbox%26settings%3DeyJpZCI6MjUwMDMsInVybCI6Imh0dHBzOlwvXC93d3cuZXhwbG9yZXRlcmNlaXJhaXNsYW5kLmNvbVwvd3AtY29udGVudFwvdXBsb2Fkc1wvMjAyMFwvMTJcL0lNR185NDY0LmpwZyIsInNsaWRlc2hvdyI6IjllNTQ5MmYifQ%3D%3D\">\n\t\t\t\t\t<div class=\"e-gallery-image elementor-gallery-item__image\" data-thumbnail=\"https:\/\/www.exploreterceiraisland.com\/wp-content\/uploads\/2020\/12\/IMG_9464-768x512.jpg\" data-width=\"768\" data-height=\"512\" aria-label=\"\" role=\"img\" ><\/div>\n\t\t\t\t\t\t\t\t\t\t\t<div class=\"elementor-gallery-item__overlay\"><\/div>\n\t\t\t\t\t\t\t\t\t\t\t\t\t\t<\/a>\n\t\t\t\t\t\t\t<a class=\"e-gallery-item elementor-gallery-item elementor-animated-content\" href=\"https:\/\/www.exploreterceiraisland.com\/wp-content\/uploads\/2020\/12\/R3.jpg\" data-elementor-open-lightbox=\"yes\" data-elementor-lightbox-slideshow=\"9e5492f\" data-elementor-lightbox-title=\"R3\" data-e-action-hash=\"#elementor-action%3Aaction%3Dlightbox%26settings%3DeyJpZCI6MjUwMDgsInVybCI6Imh0dHBzOlwvXC93d3cuZXhwbG9yZXRlcmNlaXJhaXNsYW5kLmNvbVwvd3AtY29udGVudFwvdXBsb2Fkc1wvMjAyMFwvMTJcL1IzLmpwZyIsInNsaWRlc2hvdyI6IjllNTQ5MmYifQ%3D%3D\">\n\t\t\t\t\t<div class=\"e-gallery-image elementor-gallery-item__image\" data-thumbnail=\"https:\/\/www.exploreterceiraisland.com\/wp-content\/uploads\/2020\/12\/R3-768x511.jpg\" data-width=\"768\" data-height=\"511\" aria-label=\"\" role=\"img\" ><\/div>\n\t\t\t\t\t\t\t\t\t\t\t<div class=\"elementor-gallery-item__overlay\"><\/div>\n\t\t\t\t\t\t\t\t\t\t\t\t\t\t<\/a>\n\t\t\t\t\t<\/div>\n\t\t\t\t\t<\/div>\n\t\t\t\t<\/div>\n\t\t\t\t\t<\/div>\n\t\t<\/div>\n\t\t\t\t\t<\/div>\n\t\t<\/section>\n\t\t\t\t<section class=\"elementor-section elementor-top-section elementor-element elementor-element-d8a99a2 elementor-section-boxed elementor-section-height-default elementor-section-height-default\" data-id=\"d8a99a2\" data-element_type=\"section\" data-e-type=\"section\">\n\t\t\t\t\t\t<div class=\"elementor-container elementor-column-gap-default\">\n\t\t\t\t\t<div class=\"elementor-column elementor-col-100 elementor-top-column elementor-element elementor-element-498dac2\" data-id=\"498dac2\" data-element_type=\"column\" data-e-type=\"column\">\n\t\t\t<div class=\"elementor-widget-wrap elementor-element-populated\">\n\t\t\t\t\t\t<div class=\"elementor-element elementor-element-3d92004 elementor-widget elementor-widget-heading\" data-id=\"3d92004\" data-element_type=\"widget\" data-e-type=\"widget\" data-widget_type=\"heading.default\">\n\t\t\t\t<div class=\"elementor-widget-container\">\n\t\t\t\t\t<h2 class=\"elementor-heading-title elementor-size-default\">Vorschl\u00e4ge Wo essen ...<\/h2>\t\t\t\t<\/div>\n\t\t\t\t<\/div>\n\t\t\t\t<div class=\"elementor-element elementor-element-a0d5ddd elementor-widget elementor-widget-shortcode\" data-id=\"a0d5ddd\" data-element_type=\"widget\" data-e-type=\"widget\" data-widget_type=\"shortcode.default\">\n\t\t\t\t<div class=\"elementor-widget-container\">\n\t\t\t\t\t\t\t<div class=\"elementor-shortcode\"><\/div>\n\t\t\t\t\t\t<\/div>\n\t\t\t\t<\/div>\n\t\t\t\t<section class=\"elementor-section elementor-inner-section elementor-element elementor-element-947883b elementor-section-content-middle elementor-section-boxed elementor-section-height-default elementor-section-height-default\" data-id=\"947883b\" data-element_type=\"section\" data-e-type=\"section\">\n\t\t\t\t\t\t\t<div class=\"elementor-background-overlay\"><\/div>\n\t\t\t\t\t\t\t<div class=\"elementor-container elementor-column-gap-default\">\n\t\t\t\t\t<div class=\"elementor-column elementor-col-50 elementor-inner-column elementor-element elementor-element-546ccbc\" data-id=\"546ccbc\" data-element_type=\"column\" data-e-type=\"column\" data-settings=\"{&quot;background_background&quot;:&quot;classic&quot;}\">\n\t\t\t<div class=\"elementor-widget-wrap elementor-element-populated\">\n\t\t\t\t\t\t<div class=\"elementor-element elementor-element-5ed75b3 elementor-widget elementor-widget-heading\" data-id=\"5ed75b3\" data-element_type=\"widget\" data-e-type=\"widget\" data-widget_type=\"heading.default\">\n\t\t\t\t<div class=\"elementor-widget-container\">\n\t\t\t\t\t<h4 class=\"elementor-heading-title elementor-size-default\">R\u00e4ume, die Sie finden k\u00f6nnen<\/h4>\t\t\t\t<\/div>\n\t\t\t\t<\/div>\n\t\t\t\t<div class=\"elementor-element elementor-element-5fcd1d6 elementor-widget elementor-widget-button\" data-id=\"5fcd1d6\" data-element_type=\"widget\" data-e-type=\"widget\" data-widget_type=\"button.default\">\n\t\t\t\t<div class=\"elementor-widget-container\">\n\t\t\t\t\t\t\t\t\t<div class=\"elementor-button-wrapper\">\n\t\t\t\t\t<a class=\"elementor-button elementor-button-link elementor-size-sm\" href=\"https:\/\/www.exploreterceira.com\/de\/mapa-interativo-de\/categories\/essen-und-trinken\/\">\n\t\t\t\t\t\t<span class=\"elementor-button-content-wrapper\">\n\t\t\t\t\t\t<span class=\"elementor-button-icon\">\n\t\t\t\t<i aria-hidden=\"true\" class=\"fas fa-long-arrow-alt-right\"><\/i>\t\t\t<\/span>\n\t\t\t\t\t\t\t\t\t<span class=\"elementor-button-text\">Alles sehen<\/span>\n\t\t\t\t\t<\/span>\n\t\t\t\t\t<\/a>\n\t\t\t\t<\/div>\n\t\t\t\t\t\t\t\t<\/div>\n\t\t\t\t<\/div>\n\t\t\t\t\t<\/div>\n\t\t<\/div>\n\t\t\t\t<div class=\"elementor-column elementor-col-50 elementor-inner-column elementor-element elementor-element-de22107\" data-id=\"de22107\" data-element_type=\"column\" data-e-type=\"column\" data-settings=\"{&quot;background_background&quot;:&quot;classic&quot;}\">\n\t\t\t<div class=\"elementor-widget-wrap elementor-element-populated\">\n\t\t\t\t\t\t<div class=\"elementor-element elementor-element-ce5f4a0 list-categorias elementor-widget elementor-widget-shortcode\" data-id=\"ce5f4a0\" data-element_type=\"widget\" data-e-type=\"widget\" data-widget_type=\"shortcode.default\">\n\t\t\t\t<div class=\"elementor-widget-container\">\n\t\t\t\t\t\t\t<div class=\"elementor-shortcode\"><\/div>\n\t\t\t\t\t\t<\/div>\n\t\t\t\t<\/div>\n\t\t\t\t\t<\/div>\n\t\t<\/div>\n\t\t\t\t\t<\/div>\n\t\t<\/section>\n\t\t\t\t\t<\/div>\n\t\t<\/div>\n\t\t\t\t\t<\/div>\n\t\t<\/section>\n\t\t\t\t<\/div>\n\t\t","protected":false},"excerpt":{"rendered":"<p>Die Gastronomie von Terceira gilt als die beste der Azoren.<\/p>\n","protected":false},"author":10,"featured_media":24973,"parent":36243,"menu_order":0,"comment_status":"closed","ping_status":"closed","template":"elementor_header_footer","meta":{"footnotes":"","_links_to":"","_links_to_target":""},"class_list":["post-36257","page","type-page","status-publish","has-post-thumbnail","hentry"],"yoast_head":"<!-- This site is optimized with the Yoast SEO plugin v27.2 - https:\/\/yoast.com\/product\/yoast-seo-wordpress\/ -->\n<title>Restaurants - Explore Terceira<\/title>\n<meta name=\"robots\" content=\"index, follow, max-snippet:-1, max-image-preview:large, max-video-preview:-1\" \/>\n<link rel=\"canonical\" href=\"https:\/\/www.exploreterceiraisland.com\/de\/planear\/onde-comer\/\" \/>\n<meta property=\"og:locale\" content=\"de_DE\" \/>\n<meta property=\"og:type\" content=\"article\" \/>\n<meta property=\"og:title\" content=\"Restaurants - Explore Terceira\" \/>\n<meta property=\"og:description\" content=\"Die Gastronomie von Terceira gilt als die beste der Azoren.\" \/>\n<meta property=\"og:url\" content=\"https:\/\/www.exploreterceiraisland.com\/de\/planear\/onde-comer\/\" \/>\n<meta property=\"og:site_name\" content=\"Explore Terceira\" \/>\n<meta property=\"article:publisher\" content=\"https:\/\/www.facebook.com\/exploreterceira\/\" \/>\n<meta property=\"article:modified_time\" content=\"2023-05-09T16:38:27+00:00\" \/>\n<meta property=\"og:image\" content=\"https:\/\/www.exploreterceiraisland.com\/wp-content\/uploads\/2020\/12\/restauracao-terceirense.jpg\" \/>\n\t<meta property=\"og:image:width\" content=\"2000\" \/>\n\t<meta property=\"og:image:height\" content=\"657\" \/>\n\t<meta property=\"og:image:type\" content=\"image\/jpeg\" \/>\n<meta name=\"twitter:card\" content=\"summary_large_image\" \/>\n<script type=\"application\/ld+json\" class=\"yoast-schema-graph\">{\"@context\":\"https:\/\/schema.org\",\"@graph\":[{\"@type\":\"WebPage\",\"@id\":\"https:\/\/www.exploreterceiraisland.com\/de\/planear\/onde-comer\/\",\"url\":\"https:\/\/www.exploreterceiraisland.com\/de\/planear\/onde-comer\/\",\"name\":\"Restaurants - Explore Terceira\",\"isPartOf\":{\"@id\":\"https:\/\/www.exploreterceiraisland.com\/#website\"},\"primaryImageOfPage\":{\"@id\":\"https:\/\/www.exploreterceiraisland.com\/de\/planear\/onde-comer\/#primaryimage\"},\"image\":{\"@id\":\"https:\/\/www.exploreterceiraisland.com\/de\/planear\/onde-comer\/#primaryimage\"},\"thumbnailUrl\":\"https:\/\/www.exploreterceiraisland.com\/wp-content\/uploads\/2020\/12\/restauracao-terceirense.jpg\",\"datePublished\":\"2020-11-09T18:09:13+00:00\",\"dateModified\":\"2023-05-09T16:38:27+00:00\",\"breadcrumb\":{\"@id\":\"https:\/\/www.exploreterceiraisland.com\/de\/planear\/onde-comer\/#breadcrumb\"},\"inLanguage\":\"de\",\"potentialAction\":[{\"@type\":\"ReadAction\",\"target\":[\"https:\/\/www.exploreterceiraisland.com\/de\/planear\/onde-comer\/\"]}]},{\"@type\":\"ImageObject\",\"inLanguage\":\"de\",\"@id\":\"https:\/\/www.exploreterceiraisland.com\/de\/planear\/onde-comer\/#primaryimage\",\"url\":\"https:\/\/www.exploreterceiraisland.com\/wp-content\/uploads\/2020\/12\/restauracao-terceirense.jpg\",\"contentUrl\":\"https:\/\/www.exploreterceiraisland.com\/wp-content\/uploads\/2020\/12\/restauracao-terceirense.jpg\",\"width\":2000,\"height\":657},{\"@type\":\"BreadcrumbList\",\"@id\":\"https:\/\/www.exploreterceiraisland.com\/de\/planear\/onde-comer\/#breadcrumb\",\"itemListElement\":[{\"@type\":\"ListItem\",\"position\":1,\"name\":\"Home\",\"item\":\"https:\/\/www.exploreterceiraisland.com\/de\/\"},{\"@type\":\"ListItem\",\"position\":2,\"name\":\"Die Reise planen\",\"item\":\"https:\/\/www.exploreterceiraisland.com\/de\/planear\/\"},{\"@type\":\"ListItem\",\"position\":3,\"name\":\"Restaurants\"}]},{\"@type\":\"WebSite\",\"@id\":\"https:\/\/www.exploreterceiraisland.com\/#website\",\"url\":\"https:\/\/www.exploreterceiraisland.com\/\",\"name\":\"Explore Terceira\",\"description\":\"Explore a Ilha Terceira e partilhe as suas aventuras connosco!\",\"publisher\":{\"@id\":\"https:\/\/www.exploreterceiraisland.com\/#organization\"},\"potentialAction\":[{\"@type\":\"SearchAction\",\"target\":{\"@type\":\"EntryPoint\",\"urlTemplate\":\"https:\/\/www.exploreterceiraisland.com\/?s={search_term_string}\"},\"query-input\":{\"@type\":\"PropertyValueSpecification\",\"valueRequired\":true,\"valueName\":\"search_term_string\"}}],\"inLanguage\":\"de\"},{\"@type\":\"Organization\",\"@id\":\"https:\/\/www.exploreterceiraisland.com\/#organization\",\"name\":\"Explore Terceira\",\"url\":\"https:\/\/www.exploreterceiraisland.com\/\",\"logo\":{\"@type\":\"ImageObject\",\"inLanguage\":\"de\",\"@id\":\"https:\/\/www.exploreterceiraisland.com\/#\/schema\/logo\/image\/\",\"url\":\"https:\/\/www.exploreterceiraisland.com\/wp-content\/uploads\/2021\/02\/teste.jpg\",\"contentUrl\":\"https:\/\/www.exploreterceiraisland.com\/wp-content\/uploads\/2021\/02\/teste.jpg\",\"width\":1449,\"height\":962,\"caption\":\"Explore Terceira\"},\"image\":{\"@id\":\"https:\/\/www.exploreterceiraisland.com\/#\/schema\/logo\/image\/\"},\"sameAs\":[\"https:\/\/www.facebook.com\/exploreterceira\/\",\"https:\/\/www.instagram.com\/exploreterceira\/\",\"https:\/\/www.youtube.com\/channel\/UCgUtDnAn0ym_W89OdzfNLmg\"]}]}<\/script>\n<!-- \/ Yoast SEO plugin. -->","yoast_head_json":{"title":"Restaurants - Explore Terceira","robots":{"index":"index","follow":"follow","max-snippet":"max-snippet:-1","max-image-preview":"max-image-preview:large","max-video-preview":"max-video-preview:-1"},"canonical":"https:\/\/www.exploreterceiraisland.com\/de\/planear\/onde-comer\/","og_locale":"de_DE","og_type":"article","og_title":"Restaurants - Explore Terceira","og_description":"Die Gastronomie von Terceira gilt als die beste der Azoren.","og_url":"https:\/\/www.exploreterceiraisland.com\/de\/planear\/onde-comer\/","og_site_name":"Explore Terceira","article_publisher":"https:\/\/www.facebook.com\/exploreterceira\/","article_modified_time":"2023-05-09T16:38:27+00:00","og_image":[{"width":2000,"height":657,"url":"https:\/\/www.exploreterceiraisland.com\/wp-content\/uploads\/2020\/12\/restauracao-terceirense.jpg","type":"image\/jpeg"}],"twitter_card":"summary_large_image","schema":{"@context":"https:\/\/schema.org","@graph":[{"@type":"WebPage","@id":"https:\/\/www.exploreterceiraisland.com\/de\/planear\/onde-comer\/","url":"https:\/\/www.exploreterceiraisland.com\/de\/planear\/onde-comer\/","name":"Restaurants - Explore Terceira","isPartOf":{"@id":"https:\/\/www.exploreterceiraisland.com\/#website"},"primaryImageOfPage":{"@id":"https:\/\/www.exploreterceiraisland.com\/de\/planear\/onde-comer\/#primaryimage"},"image":{"@id":"https:\/\/www.exploreterceiraisland.com\/de\/planear\/onde-comer\/#primaryimage"},"thumbnailUrl":"https:\/\/www.exploreterceiraisland.com\/wp-content\/uploads\/2020\/12\/restauracao-terceirense.jpg","datePublished":"2020-11-09T18:09:13+00:00","dateModified":"2023-05-09T16:38:27+00:00","breadcrumb":{"@id":"https:\/\/www.exploreterceiraisland.com\/de\/planear\/onde-comer\/#breadcrumb"},"inLanguage":"de","potentialAction":[{"@type":"ReadAction","target":["https:\/\/www.exploreterceiraisland.com\/de\/planear\/onde-comer\/"]}]},{"@type":"ImageObject","inLanguage":"de","@id":"https:\/\/www.exploreterceiraisland.com\/de\/planear\/onde-comer\/#primaryimage","url":"https:\/\/www.exploreterceiraisland.com\/wp-content\/uploads\/2020\/12\/restauracao-terceirense.jpg","contentUrl":"https:\/\/www.exploreterceiraisland.com\/wp-content\/uploads\/2020\/12\/restauracao-terceirense.jpg","width":2000,"height":657},{"@type":"BreadcrumbList","@id":"https:\/\/www.exploreterceiraisland.com\/de\/planear\/onde-comer\/#breadcrumb","itemListElement":[{"@type":"ListItem","position":1,"name":"Home","item":"https:\/\/www.exploreterceiraisland.com\/de\/"},{"@type":"ListItem","position":2,"name":"Die Reise planen","item":"https:\/\/www.exploreterceiraisland.com\/de\/planear\/"},{"@type":"ListItem","position":3,"name":"Restaurants"}]},{"@type":"WebSite","@id":"https:\/\/www.exploreterceiraisland.com\/#website","url":"https:\/\/www.exploreterceiraisland.com\/","name":"Explore Terceira","description":"Explore a Ilha Terceira e partilhe as suas aventuras connosco!","publisher":{"@id":"https:\/\/www.exploreterceiraisland.com\/#organization"},"potentialAction":[{"@type":"SearchAction","target":{"@type":"EntryPoint","urlTemplate":"https:\/\/www.exploreterceiraisland.com\/?s={search_term_string}"},"query-input":{"@type":"PropertyValueSpecification","valueRequired":true,"valueName":"search_term_string"}}],"inLanguage":"de"},{"@type":"Organization","@id":"https:\/\/www.exploreterceiraisland.com\/#organization","name":"Explore Terceira","url":"https:\/\/www.exploreterceiraisland.com\/","logo":{"@type":"ImageObject","inLanguage":"de","@id":"https:\/\/www.exploreterceiraisland.com\/#\/schema\/logo\/image\/","url":"https:\/\/www.exploreterceiraisland.com\/wp-content\/uploads\/2021\/02\/teste.jpg","contentUrl":"https:\/\/www.exploreterceiraisland.com\/wp-content\/uploads\/2021\/02\/teste.jpg","width":1449,"height":962,"caption":"Explore Terceira"},"image":{"@id":"https:\/\/www.exploreterceiraisland.com\/#\/schema\/logo\/image\/"},"sameAs":["https:\/\/www.facebook.com\/exploreterceira\/","https:\/\/www.instagram.com\/exploreterceira\/","https:\/\/www.youtube.com\/channel\/UCgUtDnAn0ym_W89OdzfNLmg"]}]}},"_links":{"self":[{"href":"https:\/\/www.exploreterceiraisland.com\/de\/wp-json\/wp\/v2\/pages\/36257","targetHints":{"allow":["GET"]}}],"collection":[{"href":"https:\/\/www.exploreterceiraisland.com\/de\/wp-json\/wp\/v2\/pages"}],"about":[{"href":"https:\/\/www.exploreterceiraisland.com\/de\/wp-json\/wp\/v2\/types\/page"}],"author":[{"embeddable":true,"href":"https:\/\/www.exploreterceiraisland.com\/de\/wp-json\/wp\/v2\/users\/10"}],"replies":[{"embeddable":true,"href":"https:\/\/www.exploreterceiraisland.com\/de\/wp-json\/wp\/v2\/comments?post=36257"}],"version-history":[{"count":0,"href":"https:\/\/www.exploreterceiraisland.com\/de\/wp-json\/wp\/v2\/pages\/36257\/revisions"}],"up":[{"embeddable":true,"href":"https:\/\/www.exploreterceiraisland.com\/de\/wp-json\/wp\/v2\/pages\/36243"}],"wp:featuredmedia":[{"embeddable":true,"href":"https:\/\/www.exploreterceiraisland.com\/de\/wp-json\/wp\/v2\/media\/24973"}],"wp:attachment":[{"href":"https:\/\/www.exploreterceiraisland.com\/de\/wp-json\/wp\/v2\/media?parent=36257"}],"curies":[{"name":"wp","href":"https:\/\/api.w.org\/{rel}","templated":true}]}}