{"id":45208,"date":"2021-05-28T10:46:05","date_gmt":"2021-05-28T11:46:05","guid":{"rendered":"https:\/\/staging.exploreterceira.ideastation.eu\/planear\/covid-19\/"},"modified":"2023-05-09T15:36:04","modified_gmt":"2023-05-09T16:36:04","slug":"covid-19","status":"publish","type":"page","link":"https:\/\/www.exploreterceiraisland.com\/de\/planear\/covid-19\/","title":{"rendered":"COVID-19"},"content":{"rendered":"\t\t<div data-elementor-type=\"wp-page\" data-elementor-id=\"45208\" class=\"elementor elementor-45208 elementor-45196\" data-elementor-post-type=\"page\">\n\t\t\t\t\t\t<section class=\"elementor-section elementor-top-section elementor-element elementor-element-75a14aa7 elementor-section-boxed elementor-section-height-default elementor-section-height-default\" data-id=\"75a14aa7\" data-element_type=\"section\" data-e-type=\"section\" id=\"titulo1\" data-settings=\"{&quot;background_background&quot;:&quot;classic&quot;}\">\n\t\t\t\t\t\t<div class=\"elementor-container elementor-column-gap-default\">\n\t\t\t\t\t<div class=\"elementor-column elementor-col-100 elementor-top-column elementor-element elementor-element-4574cfd8\" data-id=\"4574cfd8\" data-element_type=\"column\" data-e-type=\"column\">\n\t\t\t<div class=\"elementor-widget-wrap\">\n\t\t\t\t\t\t\t<\/div>\n\t\t<\/div>\n\t\t\t\t\t<\/div>\n\t\t<\/section>\n\t\t\t\t<section class=\"elementor-section elementor-top-section elementor-element elementor-element-f0ad8cb elementor-section-boxed elementor-section-height-default elementor-section-height-default\" data-id=\"f0ad8cb\" data-element_type=\"section\" data-e-type=\"section\">\n\t\t\t\t\t\t<div class=\"elementor-container elementor-column-gap-default\">\n\t\t\t\t\t<div class=\"elementor-column elementor-col-100 elementor-top-column elementor-element elementor-element-6b24135\" data-id=\"6b24135\" data-element_type=\"column\" data-e-type=\"column\">\n\t\t\t<div class=\"elementor-widget-wrap elementor-element-populated\">\n\t\t\t\t\t\t<div class=\"elementor-element elementor-element-1c22637a elementor-widget elementor-widget-heading\" data-id=\"1c22637a\" data-element_type=\"widget\" data-e-type=\"widget\" data-widget_type=\"heading.default\">\n\t\t\t\t<div class=\"elementor-widget-container\">\n\t\t\t\t\t<h1 class=\"elementor-heading-title elementor-size-default\">COVID-19<\/h1>\t\t\t\t<\/div>\n\t\t\t\t<\/div>\n\t\t\t\t<div class=\"elementor-element elementor-element-1bf6bc9 elementor-widget elementor-widget-text-editor\" data-id=\"1bf6bc9\" data-element_type=\"widget\" data-e-type=\"widget\" data-widget_type=\"text-editor.default\">\n\t\t\t\t<div class=\"elementor-widget-container\">\n\t\t\t\t\t\t\t\t\t<p class=\"p1\">W\u00e4hrend des Ausbruchs der Lungenentz\u00fcndung durch das neue Coronavirus COVID-19 hat die portugiesische Regierung alle erforderlichen Ma\u00dfnahmen im Bereich der \u00f6ffentlichen Gesundheit ergriffen, um die gesamte Bev\u00f6lkerung zu sch\u00fctzen. Die Analyse der Entwicklung des Ausbruchs ist konstant und die Umsetzung neuer Ma\u00dfnahmen wird bei Bedarf durchgef\u00fchrt.<\/p>\r\n<p class=\"p1\">Es wurden allgemeine Verhaltensrichtlinien erlassen, in denen alle Personen die folgenden Regeln anwenden m\u00fcssen:<\/p>\r\n<p class=\"p1\">Soziale Distanzierung;<\/p>\r\n<p class=\"p1\">H\u00e4ufiges H\u00e4ndewaschen;<\/p>\r\n<p class=\"p1\">Obligatorische Verwendung der Maske;<\/p>\r\n<p class=\"p1\">Atemetikette.<\/p>\r\n<p class=\"p1\">Passagiere, die auf dem Luft- oder Seeweg in das Gebiet der Autonomen Region der Azoren reisen m\u00f6chten und aus Gebieten einreisen, die von der Weltgesundheitsorganisation als Ansteckungsrisikogebiete betrachtet werden oder aus solchen mit aktiven \u00dcbertragungsketten des SARS-CoV-2-Virus, m\u00fcssen sich bei der Ankunft auf der Zielinsel einem Test unterziehen. Alternativ kann ein Nachweis in digitaler Form oder auf Papier vorgelegt werden, der von einem national oder international anerkannten Labor ausgestellt wurde und best\u00e4tigt, dass in den letzten 72 Stunden vor dem Abflug oder dem Auslaufen des Schiffes ein SARS-CoV-2-Screening-Test nach der RT-PCR-Methode durchgef\u00fchrt wurde.<\/p>\r\n<p class=\"p1\">Detaillierte Informationen und Ausnahmen finden Sie <a href=\"https:\/\/www.visitazores.com\/de\/trip-info\"><span class=\"s1\">HIER<\/span><\/a><\/p>\r\n<p class=\"p1\">Spezifische Einschr\u00e4nkungen f\u00fcr Terceira Island <a href=\"https:\/\/www.visitazores.com\/es\/restrictions\/terceira\"><span class=\"s1\">HIER<\/span><\/a><\/p>\r\n<p class=\"p1\">Festgelegte Laboratorien <a href=\"https:\/\/destinoseguro.azores.gov.pt\/wp-content\/uploads\/2021\/05\/Listagem-de-Laboratorios-e-Postos-de-colheita_30042021.pdf\"><span class=\"s1\">HIER<\/span><\/a><\/p>\r\n&nbsp;\t\t\t\t\t\t\t\t<\/div>\n\t\t\t\t<\/div>\n\t\t\t\t\t<\/div>\n\t\t<\/div>\n\t\t\t\t\t<\/div>\n\t\t<\/section>\n\t\t\t\t<\/div>\n\t\t","protected":false},"excerpt":{"rendered":"<p>W\u00e4hrend des Ausbruchs der Lungenentz\u00fcndung durch das neue Coronavirus COVID-19 hat die portugiesische Regierung alle erforderlichen Ma\u00dfnahmen im Bereich der \u00f6ffentlichen Gesundheit ergriffen, um die gesamte Bev\u00f6lkerung zu sch\u00fctzen. Die Analyse der Entwicklung des Ausbruchs ist konstant und die Umsetzung neuer Ma\u00dfnahmen wird bei Bedarf durchgef\u00fchrt. Es wurden allgemeine Verhaltensrichtlinien erlassen, in denen alle Personen [&hellip;]<\/p>\n","protected":false},"author":10,"featured_media":25078,"parent":36243,"menu_order":0,"comment_status":"closed","ping_status":"closed","template":"elementor_header_footer","meta":{"footnotes":"","_links_to":"","_links_to_target":""},"class_list":["post-45208","page","type-page","status-publish","has-post-thumbnail","hentry"],"yoast_head":"<!-- This site is optimized with the Yoast SEO plugin v27.2 - https:\/\/yoast.com\/product\/yoast-seo-wordpress\/ -->\n<title>COVID-19 - Explore Terceira<\/title>\n<meta name=\"robots\" content=\"index, follow, max-snippet:-1, max-image-preview:large, max-video-preview:-1\" \/>\n<link rel=\"canonical\" href=\"https:\/\/www.exploreterceiraisland.com\/de\/planear\/covid-19\/\" \/>\n<meta property=\"og:locale\" content=\"de_DE\" \/>\n<meta property=\"og:type\" content=\"article\" \/>\n<meta property=\"og:title\" content=\"COVID-19 - Explore Terceira\" \/>\n<meta property=\"og:description\" content=\"W\u00e4hrend des Ausbruchs der Lungenentz\u00fcndung durch das neue Coronavirus COVID-19 hat die portugiesische Regierung alle erforderlichen Ma\u00dfnahmen im Bereich der \u00f6ffentlichen Gesundheit ergriffen, um die gesamte Bev\u00f6lkerung zu sch\u00fctzen. Die Analyse der Entwicklung des Ausbruchs ist konstant und die Umsetzung neuer Ma\u00dfnahmen wird bei Bedarf durchgef\u00fchrt. Es wurden allgemeine Verhaltensrichtlinien erlassen, in denen alle Personen [&hellip;]\" \/>\n<meta property=\"og:url\" content=\"https:\/\/www.exploreterceiraisland.com\/de\/planear\/covid-19\/\" \/>\n<meta property=\"og:site_name\" content=\"Explore Terceira\" \/>\n<meta property=\"article:publisher\" content=\"https:\/\/www.facebook.com\/exploreterceira\/\" \/>\n<meta property=\"article:modified_time\" content=\"2023-05-09T16:36:04+00:00\" \/>\n<meta property=\"og:image\" content=\"https:\/\/www.exploreterceiraisland.com\/wp-content\/uploads\/2020\/12\/entrar-e-sai-da-ilha-terceira.jpg\" \/>\n\t<meta property=\"og:image:width\" content=\"2000\" \/>\n\t<meta property=\"og:image:height\" content=\"657\" \/>\n\t<meta property=\"og:image:type\" content=\"image\/jpeg\" \/>\n<meta name=\"twitter:card\" content=\"summary_large_image\" \/>\n<meta name=\"twitter:label1\" content=\"Gesch\u00e4tzte Lesezeit\" \/>\n\t<meta name=\"twitter:data1\" content=\"1\u00a0Minute\" \/>\n<script type=\"application\/ld+json\" class=\"yoast-schema-graph\">{\"@context\":\"https:\/\/schema.org\",\"@graph\":[{\"@type\":\"WebPage\",\"@id\":\"https:\/\/www.exploreterceiraisland.com\/de\/planear\/covid-19\/\",\"url\":\"https:\/\/www.exploreterceiraisland.com\/de\/planear\/covid-19\/\",\"name\":\"COVID-19 - Explore Terceira\",\"isPartOf\":{\"@id\":\"https:\/\/www.exploreterceiraisland.com\/#website\"},\"primaryImageOfPage\":{\"@id\":\"https:\/\/www.exploreterceiraisland.com\/de\/planear\/covid-19\/#primaryimage\"},\"image\":{\"@id\":\"https:\/\/www.exploreterceiraisland.com\/de\/planear\/covid-19\/#primaryimage\"},\"thumbnailUrl\":\"https:\/\/www.exploreterceiraisland.com\/wp-content\/uploads\/2020\/12\/entrar-e-sai-da-ilha-terceira.jpg\",\"datePublished\":\"2021-05-28T11:46:05+00:00\",\"dateModified\":\"2023-05-09T16:36:04+00:00\",\"breadcrumb\":{\"@id\":\"https:\/\/www.exploreterceiraisland.com\/de\/planear\/covid-19\/#breadcrumb\"},\"inLanguage\":\"de\",\"potentialAction\":[{\"@type\":\"ReadAction\",\"target\":[\"https:\/\/www.exploreterceiraisland.com\/de\/planear\/covid-19\/\"]}]},{\"@type\":\"ImageObject\",\"inLanguage\":\"de\",\"@id\":\"https:\/\/www.exploreterceiraisland.com\/de\/planear\/covid-19\/#primaryimage\",\"url\":\"https:\/\/www.exploreterceiraisland.com\/wp-content\/uploads\/2020\/12\/entrar-e-sai-da-ilha-terceira.jpg\",\"contentUrl\":\"https:\/\/www.exploreterceiraisland.com\/wp-content\/uploads\/2020\/12\/entrar-e-sai-da-ilha-terceira.jpg\",\"width\":2000,\"height\":657},{\"@type\":\"BreadcrumbList\",\"@id\":\"https:\/\/www.exploreterceiraisland.com\/de\/planear\/covid-19\/#breadcrumb\",\"itemListElement\":[{\"@type\":\"ListItem\",\"position\":1,\"name\":\"Home\",\"item\":\"https:\/\/www.exploreterceiraisland.com\/de\/\"},{\"@type\":\"ListItem\",\"position\":2,\"name\":\"Die Reise planen\",\"item\":\"https:\/\/www.exploreterceiraisland.com\/de\/planear\/\"},{\"@type\":\"ListItem\",\"position\":3,\"name\":\"COVID-19\"}]},{\"@type\":\"WebSite\",\"@id\":\"https:\/\/www.exploreterceiraisland.com\/#website\",\"url\":\"https:\/\/www.exploreterceiraisland.com\/\",\"name\":\"Explore Terceira\",\"description\":\"Explore a Ilha Terceira e partilhe as suas aventuras connosco!\",\"publisher\":{\"@id\":\"https:\/\/www.exploreterceiraisland.com\/#organization\"},\"potentialAction\":[{\"@type\":\"SearchAction\",\"target\":{\"@type\":\"EntryPoint\",\"urlTemplate\":\"https:\/\/www.exploreterceiraisland.com\/?s={search_term_string}\"},\"query-input\":{\"@type\":\"PropertyValueSpecification\",\"valueRequired\":true,\"valueName\":\"search_term_string\"}}],\"inLanguage\":\"de\"},{\"@type\":\"Organization\",\"@id\":\"https:\/\/www.exploreterceiraisland.com\/#organization\",\"name\":\"Explore Terceira\",\"url\":\"https:\/\/www.exploreterceiraisland.com\/\",\"logo\":{\"@type\":\"ImageObject\",\"inLanguage\":\"de\",\"@id\":\"https:\/\/www.exploreterceiraisland.com\/#\/schema\/logo\/image\/\",\"url\":\"https:\/\/www.exploreterceiraisland.com\/wp-content\/uploads\/2021\/02\/teste.jpg\",\"contentUrl\":\"https:\/\/www.exploreterceiraisland.com\/wp-content\/uploads\/2021\/02\/teste.jpg\",\"width\":1449,\"height\":962,\"caption\":\"Explore Terceira\"},\"image\":{\"@id\":\"https:\/\/www.exploreterceiraisland.com\/#\/schema\/logo\/image\/\"},\"sameAs\":[\"https:\/\/www.facebook.com\/exploreterceira\/\",\"https:\/\/www.instagram.com\/exploreterceira\/\",\"https:\/\/www.youtube.com\/channel\/UCgUtDnAn0ym_W89OdzfNLmg\"]}]}<\/script>\n<!-- \/ Yoast SEO plugin. -->","yoast_head_json":{"title":"COVID-19 - Explore Terceira","robots":{"index":"index","follow":"follow","max-snippet":"max-snippet:-1","max-image-preview":"max-image-preview:large","max-video-preview":"max-video-preview:-1"},"canonical":"https:\/\/www.exploreterceiraisland.com\/de\/planear\/covid-19\/","og_locale":"de_DE","og_type":"article","og_title":"COVID-19 - Explore Terceira","og_description":"W\u00e4hrend des Ausbruchs der Lungenentz\u00fcndung durch das neue Coronavirus COVID-19 hat die portugiesische Regierung alle erforderlichen Ma\u00dfnahmen im Bereich der \u00f6ffentlichen Gesundheit ergriffen, um die gesamte Bev\u00f6lkerung zu sch\u00fctzen. Die Analyse der Entwicklung des Ausbruchs ist konstant und die Umsetzung neuer Ma\u00dfnahmen wird bei Bedarf durchgef\u00fchrt. Es wurden allgemeine Verhaltensrichtlinien erlassen, in denen alle Personen [&hellip;]","og_url":"https:\/\/www.exploreterceiraisland.com\/de\/planear\/covid-19\/","og_site_name":"Explore Terceira","article_publisher":"https:\/\/www.facebook.com\/exploreterceira\/","article_modified_time":"2023-05-09T16:36:04+00:00","og_image":[{"width":2000,"height":657,"url":"https:\/\/www.exploreterceiraisland.com\/wp-content\/uploads\/2020\/12\/entrar-e-sai-da-ilha-terceira.jpg","type":"image\/jpeg"}],"twitter_card":"summary_large_image","twitter_misc":{"Gesch\u00e4tzte Lesezeit":"1\u00a0Minute"},"schema":{"@context":"https:\/\/schema.org","@graph":[{"@type":"WebPage","@id":"https:\/\/www.exploreterceiraisland.com\/de\/planear\/covid-19\/","url":"https:\/\/www.exploreterceiraisland.com\/de\/planear\/covid-19\/","name":"COVID-19 - Explore Terceira","isPartOf":{"@id":"https:\/\/www.exploreterceiraisland.com\/#website"},"primaryImageOfPage":{"@id":"https:\/\/www.exploreterceiraisland.com\/de\/planear\/covid-19\/#primaryimage"},"image":{"@id":"https:\/\/www.exploreterceiraisland.com\/de\/planear\/covid-19\/#primaryimage"},"thumbnailUrl":"https:\/\/www.exploreterceiraisland.com\/wp-content\/uploads\/2020\/12\/entrar-e-sai-da-ilha-terceira.jpg","datePublished":"2021-05-28T11:46:05+00:00","dateModified":"2023-05-09T16:36:04+00:00","breadcrumb":{"@id":"https:\/\/www.exploreterceiraisland.com\/de\/planear\/covid-19\/#breadcrumb"},"inLanguage":"de","potentialAction":[{"@type":"ReadAction","target":["https:\/\/www.exploreterceiraisland.com\/de\/planear\/covid-19\/"]}]},{"@type":"ImageObject","inLanguage":"de","@id":"https:\/\/www.exploreterceiraisland.com\/de\/planear\/covid-19\/#primaryimage","url":"https:\/\/www.exploreterceiraisland.com\/wp-content\/uploads\/2020\/12\/entrar-e-sai-da-ilha-terceira.jpg","contentUrl":"https:\/\/www.exploreterceiraisland.com\/wp-content\/uploads\/2020\/12\/entrar-e-sai-da-ilha-terceira.jpg","width":2000,"height":657},{"@type":"BreadcrumbList","@id":"https:\/\/www.exploreterceiraisland.com\/de\/planear\/covid-19\/#breadcrumb","itemListElement":[{"@type":"ListItem","position":1,"name":"Home","item":"https:\/\/www.exploreterceiraisland.com\/de\/"},{"@type":"ListItem","position":2,"name":"Die Reise planen","item":"https:\/\/www.exploreterceiraisland.com\/de\/planear\/"},{"@type":"ListItem","position":3,"name":"COVID-19"}]},{"@type":"WebSite","@id":"https:\/\/www.exploreterceiraisland.com\/#website","url":"https:\/\/www.exploreterceiraisland.com\/","name":"Explore Terceira","description":"Explore a Ilha Terceira e partilhe as suas aventuras connosco!","publisher":{"@id":"https:\/\/www.exploreterceiraisland.com\/#organization"},"potentialAction":[{"@type":"SearchAction","target":{"@type":"EntryPoint","urlTemplate":"https:\/\/www.exploreterceiraisland.com\/?s={search_term_string}"},"query-input":{"@type":"PropertyValueSpecification","valueRequired":true,"valueName":"search_term_string"}}],"inLanguage":"de"},{"@type":"Organization","@id":"https:\/\/www.exploreterceiraisland.com\/#organization","name":"Explore Terceira","url":"https:\/\/www.exploreterceiraisland.com\/","logo":{"@type":"ImageObject","inLanguage":"de","@id":"https:\/\/www.exploreterceiraisland.com\/#\/schema\/logo\/image\/","url":"https:\/\/www.exploreterceiraisland.com\/wp-content\/uploads\/2021\/02\/teste.jpg","contentUrl":"https:\/\/www.exploreterceiraisland.com\/wp-content\/uploads\/2021\/02\/teste.jpg","width":1449,"height":962,"caption":"Explore Terceira"},"image":{"@id":"https:\/\/www.exploreterceiraisland.com\/#\/schema\/logo\/image\/"},"sameAs":["https:\/\/www.facebook.com\/exploreterceira\/","https:\/\/www.instagram.com\/exploreterceira\/","https:\/\/www.youtube.com\/channel\/UCgUtDnAn0ym_W89OdzfNLmg"]}]}},"_links":{"self":[{"href":"https:\/\/www.exploreterceiraisland.com\/de\/wp-json\/wp\/v2\/pages\/45208","targetHints":{"allow":["GET"]}}],"collection":[{"href":"https:\/\/www.exploreterceiraisland.com\/de\/wp-json\/wp\/v2\/pages"}],"about":[{"href":"https:\/\/www.exploreterceiraisland.com\/de\/wp-json\/wp\/v2\/types\/page"}],"author":[{"embeddable":true,"href":"https:\/\/www.exploreterceiraisland.com\/de\/wp-json\/wp\/v2\/users\/10"}],"replies":[{"embeddable":true,"href":"https:\/\/www.exploreterceiraisland.com\/de\/wp-json\/wp\/v2\/comments?post=45208"}],"version-history":[{"count":0,"href":"https:\/\/www.exploreterceiraisland.com\/de\/wp-json\/wp\/v2\/pages\/45208\/revisions"}],"up":[{"embeddable":true,"href":"https:\/\/www.exploreterceiraisland.com\/de\/wp-json\/wp\/v2\/pages\/36243"}],"wp:featuredmedia":[{"embeddable":true,"href":"https:\/\/www.exploreterceiraisland.com\/de\/wp-json\/wp\/v2\/media\/25078"}],"wp:attachment":[{"href":"https:\/\/www.exploreterceiraisland.com\/de\/wp-json\/wp\/v2\/media?parent=45208"}],"curies":[{"name":"wp","href":"https:\/\/api.w.org\/{rel}","templated":true}]}}