{"id":45209,"date":"2021-05-28T10:46:05","date_gmt":"2021-05-28T11:46:05","guid":{"rendered":"https:\/\/staging.exploreterceira.ideastation.eu\/planear\/covid-19\/"},"modified":"2023-05-09T15:36:05","modified_gmt":"2023-05-09T16:36:05","slug":"covid-19","status":"publish","type":"page","link":"https:\/\/www.exploreterceiraisland.com\/es\/planear\/covid-19\/","title":{"rendered":"COVID-19"},"content":{"rendered":"\t\t<div data-elementor-type=\"wp-page\" data-elementor-id=\"45209\" class=\"elementor elementor-45209 elementor-45196\" data-elementor-post-type=\"page\">\n\t\t\t\t\t\t<section class=\"elementor-section elementor-top-section elementor-element elementor-element-75a14aa7 elementor-section-boxed elementor-section-height-default elementor-section-height-default\" data-id=\"75a14aa7\" data-element_type=\"section\" data-e-type=\"section\" id=\"titulo1\" data-settings=\"{&quot;background_background&quot;:&quot;classic&quot;}\">\n\t\t\t\t\t\t<div class=\"elementor-container elementor-column-gap-default\">\n\t\t\t\t\t<div class=\"elementor-column elementor-col-100 elementor-top-column elementor-element elementor-element-4574cfd8\" data-id=\"4574cfd8\" data-element_type=\"column\" data-e-type=\"column\">\n\t\t\t<div class=\"elementor-widget-wrap\">\n\t\t\t\t\t\t\t<\/div>\n\t\t<\/div>\n\t\t\t\t\t<\/div>\n\t\t<\/section>\n\t\t\t\t<section class=\"elementor-section elementor-top-section elementor-element elementor-element-f0ad8cb elementor-section-boxed elementor-section-height-default elementor-section-height-default\" data-id=\"f0ad8cb\" data-element_type=\"section\" data-e-type=\"section\">\n\t\t\t\t\t\t<div class=\"elementor-container elementor-column-gap-default\">\n\t\t\t\t\t<div class=\"elementor-column elementor-col-100 elementor-top-column elementor-element elementor-element-6b24135\" data-id=\"6b24135\" data-element_type=\"column\" data-e-type=\"column\">\n\t\t\t<div class=\"elementor-widget-wrap elementor-element-populated\">\n\t\t\t\t\t\t<div class=\"elementor-element elementor-element-1c22637a elementor-widget elementor-widget-heading\" data-id=\"1c22637a\" data-element_type=\"widget\" data-e-type=\"widget\" data-widget_type=\"heading.default\">\n\t\t\t\t<div class=\"elementor-widget-container\">\n\t\t\t\t\t<h1 class=\"elementor-heading-title elementor-size-default\">COVID-19<\/h1>\t\t\t\t<\/div>\n\t\t\t\t<\/div>\n\t\t\t\t<div class=\"elementor-element elementor-element-1bf6bc9 elementor-widget elementor-widget-text-editor\" data-id=\"1bf6bc9\" data-element_type=\"widget\" data-e-type=\"widget\" data-widget_type=\"text-editor.default\">\n\t\t\t\t<div class=\"elementor-widget-container\">\n\t\t\t\t\t\t\t\t\t<p class=\"p1\">Durante el brote de neumon\u00eda por el nuevo Coronavirus &#8211; COVID-19, el gobierno portugu\u00e9s ha estado tomando todas las medidas de salud p\u00fablica necesarias para proteger a toda la poblaci\u00f3n. El an\u00e1lisis de la evoluci\u00f3n del brote es constante y la implementaci\u00f3n de nuevas medidas se llevar\u00e1 a cabo siempre que sea necesario.<\/p>\r\n<p class=\"p1\">Se promulgaron pautas generales de comportamiento, en las que todas las personas deben adoptar las siguientes reglas:<\/p>\r\n<p class=\"p1\">Distanciamiento social;<\/p>\r\n<p class=\"p1\">Lavado frecuente de manos;<\/p>\r\n<p class=\"p1\">Uso obligatorio de m\u00e1scara;<\/p>\r\n<p class=\"p1\">Etiqueta respiratoria.<\/p>\r\n<p class=\"p1\">Pasajeros que deseen viajar al territorio de la Regi\u00f3n Aut\u00f3noma de las Azores, por v\u00eda a\u00e9rea o mar\u00edtima, y \u200b\u200bque procedan de zonas consideradas por la Organizaci\u00f3n Mundial de la Salud como zonas de transmisi\u00f3n comunitaria activa o con cadenas de transmisi\u00f3n activas del virus SARS-CoV-2, estar\u00e1n obligados a realizarse una prueba a su llegada a la isla de destino final, salvo que presenten una prueba, en formato digital o f\u00edsico, de un certificado emitido por un laboratorio acreditado, a nivel nacional o internacional, que acredite la prueba de detecci\u00f3n del SARS. CoV-2, realizado mediante el m\u00e9todo RT-PCR, dentro de las 72 horas previas a la salida del vuelo o salida de la embarcaci\u00f3n.<\/p>\r\n<p class=\"p1\">Informaci\u00f3n m\u00e1s detallada y excepciones <a href=\"https:\/\/www.visitazores.com\/es\/trip-info\"><span class=\"s1\">AQU\u00cd<\/span><\/a>.<\/p>\r\n<p class=\"p1\">Restricciones espec\u00edficas para Isla Terceira <a href=\"https:\/\/www.visitazores.com\/es\/restrictions\/terceira\"><span class=\"s1\">AQU\u00cd<\/span><\/a><\/p>\r\n<p class=\"p1\">Laboratorios convencionales <a href=\"https:\/\/destinoseguro.azores.gov.pt\/wp-content\/uploads\/2021\/05\/Listagem-de-Laboratorios-e-Postos-de-colheita_30042021.pdf\"><span class=\"s1\">AQU\u00cd<\/span><\/a><\/p>\r\n&nbsp;\t\t\t\t\t\t\t\t<\/div>\n\t\t\t\t<\/div>\n\t\t\t\t\t<\/div>\n\t\t<\/div>\n\t\t\t\t\t<\/div>\n\t\t<\/section>\n\t\t\t\t<\/div>\n\t\t","protected":false},"excerpt":{"rendered":"<p>Durante el brote de neumon\u00eda por el nuevo Coronavirus &#8211; COVID-19, el gobierno portugu\u00e9s ha estado tomando todas las medidas de salud p\u00fablica necesarias para proteger a toda la poblaci\u00f3n. El an\u00e1lisis de la evoluci\u00f3n del brote es constante y la implementaci\u00f3n de nuevas medidas se llevar\u00e1 a cabo siempre que sea necesario. Se promulgaron [&hellip;]<\/p>\n","protected":false},"author":10,"featured_media":25079,"parent":36244,"menu_order":0,"comment_status":"closed","ping_status":"closed","template":"elementor_header_footer","meta":{"footnotes":"","_links_to":"","_links_to_target":""},"class_list":["post-45209","page","type-page","status-publish","has-post-thumbnail","hentry"],"yoast_head":"<!-- This site is optimized with the Yoast SEO plugin v27.2 - https:\/\/yoast.com\/product\/yoast-seo-wordpress\/ -->\n<title>COVID-19 - Explore Terceira<\/title>\n<meta name=\"robots\" content=\"index, follow, max-snippet:-1, max-image-preview:large, max-video-preview:-1\" \/>\n<link rel=\"canonical\" href=\"https:\/\/www.exploreterceiraisland.com\/es\/planear\/covid-19\/\" \/>\n<meta property=\"og:locale\" content=\"es_ES\" \/>\n<meta property=\"og:type\" content=\"article\" \/>\n<meta property=\"og:title\" content=\"COVID-19 - Explore Terceira\" \/>\n<meta property=\"og:description\" content=\"Durante el brote de neumon\u00eda por el nuevo Coronavirus &#8211; COVID-19, el gobierno portugu\u00e9s ha estado tomando todas las medidas de salud p\u00fablica necesarias para proteger a toda la poblaci\u00f3n. El an\u00e1lisis de la evoluci\u00f3n del brote es constante y la implementaci\u00f3n de nuevas medidas se llevar\u00e1 a cabo siempre que sea necesario. Se promulgaron [&hellip;]\" \/>\n<meta property=\"og:url\" content=\"https:\/\/www.exploreterceiraisland.com\/es\/planear\/covid-19\/\" \/>\n<meta property=\"og:site_name\" content=\"Explore Terceira\" \/>\n<meta property=\"article:publisher\" content=\"https:\/\/www.facebook.com\/exploreterceira\/\" \/>\n<meta property=\"article:modified_time\" content=\"2023-05-09T16:36:05+00:00\" \/>\n<meta property=\"og:image\" content=\"https:\/\/www.exploreterceiraisland.com\/wp-content\/uploads\/2020\/12\/entrar-e-sai-da-ilha-terceira.jpg\" \/>\n\t<meta property=\"og:image:width\" content=\"2000\" \/>\n\t<meta property=\"og:image:height\" content=\"657\" \/>\n\t<meta property=\"og:image:type\" content=\"image\/jpeg\" \/>\n<meta name=\"twitter:card\" content=\"summary_large_image\" \/>\n<meta name=\"twitter:label1\" content=\"Tiempo de lectura\" \/>\n\t<meta name=\"twitter:data1\" content=\"1 minuto\" \/>\n<script type=\"application\/ld+json\" class=\"yoast-schema-graph\">{\"@context\":\"https:\/\/schema.org\",\"@graph\":[{\"@type\":\"WebPage\",\"@id\":\"https:\/\/www.exploreterceiraisland.com\/es\/planear\/covid-19\/\",\"url\":\"https:\/\/www.exploreterceiraisland.com\/es\/planear\/covid-19\/\",\"name\":\"COVID-19 - Explore Terceira\",\"isPartOf\":{\"@id\":\"https:\/\/www.exploreterceiraisland.com\/#website\"},\"primaryImageOfPage\":{\"@id\":\"https:\/\/www.exploreterceiraisland.com\/es\/planear\/covid-19\/#primaryimage\"},\"image\":{\"@id\":\"https:\/\/www.exploreterceiraisland.com\/es\/planear\/covid-19\/#primaryimage\"},\"thumbnailUrl\":\"https:\/\/www.exploreterceiraisland.com\/wp-content\/uploads\/2020\/12\/entrar-e-sai-da-ilha-terceira.jpg\",\"datePublished\":\"2021-05-28T11:46:05+00:00\",\"dateModified\":\"2023-05-09T16:36:05+00:00\",\"breadcrumb\":{\"@id\":\"https:\/\/www.exploreterceiraisland.com\/es\/planear\/covid-19\/#breadcrumb\"},\"inLanguage\":\"es\",\"potentialAction\":[{\"@type\":\"ReadAction\",\"target\":[\"https:\/\/www.exploreterceiraisland.com\/es\/planear\/covid-19\/\"]}]},{\"@type\":\"ImageObject\",\"inLanguage\":\"es\",\"@id\":\"https:\/\/www.exploreterceiraisland.com\/es\/planear\/covid-19\/#primaryimage\",\"url\":\"https:\/\/www.exploreterceiraisland.com\/wp-content\/uploads\/2020\/12\/entrar-e-sai-da-ilha-terceira.jpg\",\"contentUrl\":\"https:\/\/www.exploreterceiraisland.com\/wp-content\/uploads\/2020\/12\/entrar-e-sai-da-ilha-terceira.jpg\",\"width\":2000,\"height\":657},{\"@type\":\"BreadcrumbList\",\"@id\":\"https:\/\/www.exploreterceiraisland.com\/es\/planear\/covid-19\/#breadcrumb\",\"itemListElement\":[{\"@type\":\"ListItem\",\"position\":1,\"name\":\"Home\",\"item\":\"https:\/\/www.exploreterceiraisland.com\/es\/\"},{\"@type\":\"ListItem\",\"position\":2,\"name\":\"Planificar el viaje\",\"item\":\"https:\/\/www.exploreterceiraisland.com\/es\/planear\/\"},{\"@type\":\"ListItem\",\"position\":3,\"name\":\"COVID-19\"}]},{\"@type\":\"WebSite\",\"@id\":\"https:\/\/www.exploreterceiraisland.com\/#website\",\"url\":\"https:\/\/www.exploreterceiraisland.com\/\",\"name\":\"Explore Terceira\",\"description\":\"Explore a Ilha Terceira e partilhe as suas aventuras connosco!\",\"publisher\":{\"@id\":\"https:\/\/www.exploreterceiraisland.com\/#organization\"},\"potentialAction\":[{\"@type\":\"SearchAction\",\"target\":{\"@type\":\"EntryPoint\",\"urlTemplate\":\"https:\/\/www.exploreterceiraisland.com\/?s={search_term_string}\"},\"query-input\":{\"@type\":\"PropertyValueSpecification\",\"valueRequired\":true,\"valueName\":\"search_term_string\"}}],\"inLanguage\":\"es\"},{\"@type\":\"Organization\",\"@id\":\"https:\/\/www.exploreterceiraisland.com\/#organization\",\"name\":\"Explore Terceira\",\"url\":\"https:\/\/www.exploreterceiraisland.com\/\",\"logo\":{\"@type\":\"ImageObject\",\"inLanguage\":\"es\",\"@id\":\"https:\/\/www.exploreterceiraisland.com\/#\/schema\/logo\/image\/\",\"url\":\"https:\/\/www.exploreterceiraisland.com\/wp-content\/uploads\/2021\/02\/teste.jpg\",\"contentUrl\":\"https:\/\/www.exploreterceiraisland.com\/wp-content\/uploads\/2021\/02\/teste.jpg\",\"width\":1449,\"height\":962,\"caption\":\"Explore Terceira\"},\"image\":{\"@id\":\"https:\/\/www.exploreterceiraisland.com\/#\/schema\/logo\/image\/\"},\"sameAs\":[\"https:\/\/www.facebook.com\/exploreterceira\/\",\"https:\/\/www.instagram.com\/exploreterceira\/\",\"https:\/\/www.youtube.com\/channel\/UCgUtDnAn0ym_W89OdzfNLmg\"]}]}<\/script>\n<!-- \/ Yoast SEO plugin. -->","yoast_head_json":{"title":"COVID-19 - Explore Terceira","robots":{"index":"index","follow":"follow","max-snippet":"max-snippet:-1","max-image-preview":"max-image-preview:large","max-video-preview":"max-video-preview:-1"},"canonical":"https:\/\/www.exploreterceiraisland.com\/es\/planear\/covid-19\/","og_locale":"es_ES","og_type":"article","og_title":"COVID-19 - Explore Terceira","og_description":"Durante el brote de neumon\u00eda por el nuevo Coronavirus &#8211; COVID-19, el gobierno portugu\u00e9s ha estado tomando todas las medidas de salud p\u00fablica necesarias para proteger a toda la poblaci\u00f3n. El an\u00e1lisis de la evoluci\u00f3n del brote es constante y la implementaci\u00f3n de nuevas medidas se llevar\u00e1 a cabo siempre que sea necesario. Se promulgaron [&hellip;]","og_url":"https:\/\/www.exploreterceiraisland.com\/es\/planear\/covid-19\/","og_site_name":"Explore Terceira","article_publisher":"https:\/\/www.facebook.com\/exploreterceira\/","article_modified_time":"2023-05-09T16:36:05+00:00","og_image":[{"width":2000,"height":657,"url":"https:\/\/www.exploreterceiraisland.com\/wp-content\/uploads\/2020\/12\/entrar-e-sai-da-ilha-terceira.jpg","type":"image\/jpeg"}],"twitter_card":"summary_large_image","twitter_misc":{"Tiempo de lectura":"1 minuto"},"schema":{"@context":"https:\/\/schema.org","@graph":[{"@type":"WebPage","@id":"https:\/\/www.exploreterceiraisland.com\/es\/planear\/covid-19\/","url":"https:\/\/www.exploreterceiraisland.com\/es\/planear\/covid-19\/","name":"COVID-19 - Explore Terceira","isPartOf":{"@id":"https:\/\/www.exploreterceiraisland.com\/#website"},"primaryImageOfPage":{"@id":"https:\/\/www.exploreterceiraisland.com\/es\/planear\/covid-19\/#primaryimage"},"image":{"@id":"https:\/\/www.exploreterceiraisland.com\/es\/planear\/covid-19\/#primaryimage"},"thumbnailUrl":"https:\/\/www.exploreterceiraisland.com\/wp-content\/uploads\/2020\/12\/entrar-e-sai-da-ilha-terceira.jpg","datePublished":"2021-05-28T11:46:05+00:00","dateModified":"2023-05-09T16:36:05+00:00","breadcrumb":{"@id":"https:\/\/www.exploreterceiraisland.com\/es\/planear\/covid-19\/#breadcrumb"},"inLanguage":"es","potentialAction":[{"@type":"ReadAction","target":["https:\/\/www.exploreterceiraisland.com\/es\/planear\/covid-19\/"]}]},{"@type":"ImageObject","inLanguage":"es","@id":"https:\/\/www.exploreterceiraisland.com\/es\/planear\/covid-19\/#primaryimage","url":"https:\/\/www.exploreterceiraisland.com\/wp-content\/uploads\/2020\/12\/entrar-e-sai-da-ilha-terceira.jpg","contentUrl":"https:\/\/www.exploreterceiraisland.com\/wp-content\/uploads\/2020\/12\/entrar-e-sai-da-ilha-terceira.jpg","width":2000,"height":657},{"@type":"BreadcrumbList","@id":"https:\/\/www.exploreterceiraisland.com\/es\/planear\/covid-19\/#breadcrumb","itemListElement":[{"@type":"ListItem","position":1,"name":"Home","item":"https:\/\/www.exploreterceiraisland.com\/es\/"},{"@type":"ListItem","position":2,"name":"Planificar el viaje","item":"https:\/\/www.exploreterceiraisland.com\/es\/planear\/"},{"@type":"ListItem","position":3,"name":"COVID-19"}]},{"@type":"WebSite","@id":"https:\/\/www.exploreterceiraisland.com\/#website","url":"https:\/\/www.exploreterceiraisland.com\/","name":"Explore Terceira","description":"Explore a Ilha Terceira e partilhe as suas aventuras connosco!","publisher":{"@id":"https:\/\/www.exploreterceiraisland.com\/#organization"},"potentialAction":[{"@type":"SearchAction","target":{"@type":"EntryPoint","urlTemplate":"https:\/\/www.exploreterceiraisland.com\/?s={search_term_string}"},"query-input":{"@type":"PropertyValueSpecification","valueRequired":true,"valueName":"search_term_string"}}],"inLanguage":"es"},{"@type":"Organization","@id":"https:\/\/www.exploreterceiraisland.com\/#organization","name":"Explore Terceira","url":"https:\/\/www.exploreterceiraisland.com\/","logo":{"@type":"ImageObject","inLanguage":"es","@id":"https:\/\/www.exploreterceiraisland.com\/#\/schema\/logo\/image\/","url":"https:\/\/www.exploreterceiraisland.com\/wp-content\/uploads\/2021\/02\/teste.jpg","contentUrl":"https:\/\/www.exploreterceiraisland.com\/wp-content\/uploads\/2021\/02\/teste.jpg","width":1449,"height":962,"caption":"Explore Terceira"},"image":{"@id":"https:\/\/www.exploreterceiraisland.com\/#\/schema\/logo\/image\/"},"sameAs":["https:\/\/www.facebook.com\/exploreterceira\/","https:\/\/www.instagram.com\/exploreterceira\/","https:\/\/www.youtube.com\/channel\/UCgUtDnAn0ym_W89OdzfNLmg"]}]}},"_links":{"self":[{"href":"https:\/\/www.exploreterceiraisland.com\/es\/wp-json\/wp\/v2\/pages\/45209","targetHints":{"allow":["GET"]}}],"collection":[{"href":"https:\/\/www.exploreterceiraisland.com\/es\/wp-json\/wp\/v2\/pages"}],"about":[{"href":"https:\/\/www.exploreterceiraisland.com\/es\/wp-json\/wp\/v2\/types\/page"}],"author":[{"embeddable":true,"href":"https:\/\/www.exploreterceiraisland.com\/es\/wp-json\/wp\/v2\/users\/10"}],"replies":[{"embeddable":true,"href":"https:\/\/www.exploreterceiraisland.com\/es\/wp-json\/wp\/v2\/comments?post=45209"}],"version-history":[{"count":0,"href":"https:\/\/www.exploreterceiraisland.com\/es\/wp-json\/wp\/v2\/pages\/45209\/revisions"}],"up":[{"embeddable":true,"href":"https:\/\/www.exploreterceiraisland.com\/es\/wp-json\/wp\/v2\/pages\/36244"}],"wp:featuredmedia":[{"embeddable":true,"href":"https:\/\/www.exploreterceiraisland.com\/es\/wp-json\/wp\/v2\/media\/25079"}],"wp:attachment":[{"href":"https:\/\/www.exploreterceiraisland.com\/es\/wp-json\/wp\/v2\/media?parent=45209"}],"curies":[{"name":"wp","href":"https:\/\/api.w.org\/{rel}","templated":true}]}}