{"id":36201,"date":"2020-12-06T16:00:01","date_gmt":"2020-12-06T17:00:01","guid":{"rendered":"\/brochuras\/"},"modified":"2024-10-17T16:48:51","modified_gmt":"2024-10-17T17:48:51","slug":"brochuras","status":"publish","type":"page","link":"https:\/\/www.exploreterceiraisland.com\/fr\/brochuras\/","title":{"rendered":"Brochures"},"content":{"rendered":"\t\t<div data-elementor-type=\"wp-page\" data-elementor-id=\"36201\" class=\"elementor elementor-36201 elementor-25777\" data-elementor-post-type=\"page\">\n\t\t\t\t\t\t<section class=\"elementor-section elementor-top-section elementor-element elementor-element-2e8305fa header01 elementor-section-boxed elementor-section-height-default elementor-section-height-default\" data-id=\"2e8305fa\" data-element_type=\"section\" data-e-type=\"section\" data-settings=\"{&quot;background_background&quot;:&quot;classic&quot;}\">\n\t\t\t\t\t\t<div class=\"elementor-container elementor-column-gap-default\">\n\t\t\t\t\t<div class=\"elementor-column elementor-col-100 elementor-top-column elementor-element elementor-element-6484212f\" data-id=\"6484212f\" data-element_type=\"column\" data-e-type=\"column\">\n\t\t\t<div class=\"elementor-widget-wrap\">\n\t\t\t\t\t\t\t<\/div>\n\t\t<\/div>\n\t\t\t\t\t<\/div>\n\t\t<\/section>\n\t\t\t\t<section class=\"elementor-section elementor-top-section elementor-element elementor-element-60c1b79 elementor-section-boxed elementor-section-height-default elementor-section-height-default\" data-id=\"60c1b79\" data-element_type=\"section\" data-e-type=\"section\">\n\t\t\t\t\t\t<div class=\"elementor-container elementor-column-gap-default\">\n\t\t\t\t\t<div class=\"elementor-column elementor-col-100 elementor-top-column elementor-element elementor-element-17f7cb0\" data-id=\"17f7cb0\" data-element_type=\"column\" data-e-type=\"column\">\n\t\t\t<div class=\"elementor-widget-wrap elementor-element-populated\">\n\t\t\t\t\t\t<div class=\"elementor-element elementor-element-1453391 elementor-widget elementor-widget-heading\" data-id=\"1453391\" data-element_type=\"widget\" data-e-type=\"widget\" data-widget_type=\"heading.default\">\n\t\t\t\t<div class=\"elementor-widget-container\">\n\t\t\t\t\t<h1 class=\"elementor-heading-title elementor-size-default\">Brochures<\/h1>\t\t\t\t<\/div>\n\t\t\t\t<\/div>\n\t\t\t\t<section class=\"elementor-section elementor-inner-section elementor-element elementor-element-8e949c2 elementor-section-boxed elementor-section-height-default elementor-section-height-default\" data-id=\"8e949c2\" data-element_type=\"section\" data-e-type=\"section\">\n\t\t\t\t\t\t<div class=\"elementor-container elementor-column-gap-default\">\n\t\t\t\t\t<div class=\"elementor-column elementor-col-50 elementor-inner-column elementor-element elementor-element-95318cf\" data-id=\"95318cf\" data-element_type=\"column\" data-e-type=\"column\">\n\t\t\t<div class=\"elementor-widget-wrap elementor-element-populated\">\n\t\t\t\t\t\t<div class=\"elementor-element elementor-element-6891d85 elementor-list-item-link-inline elementor-icon-list--layout-traditional elementor-widget elementor-widget-icon-list\" data-id=\"6891d85\" data-element_type=\"widget\" data-e-type=\"widget\" data-widget_type=\"icon-list.default\">\n\t\t\t\t<div class=\"elementor-widget-container\">\n\t\t\t\t\t\t\t<ul class=\"elementor-icon-list-items\">\n\t\t\t\t\t\t\t<li class=\"elementor-icon-list-item\">\n\t\t\t\t\t\t\t\t\t\t\t<a href=\"https:\/\/www.exploreterceira.com\/wp-content\/uploads\/2022\/01\/Roteiro-Terceira-Liberal-EN-final.pdf\" target=\"_blank\">\n\n\t\t\t\t\t\t\t\t\t\t\t\t<span class=\"elementor-icon-list-icon\">\n\t\t\t\t\t\t\t<i aria-hidden=\"true\" class=\"fas fa-check\"><\/i>\t\t\t\t\t\t<\/span>\n\t\t\t\t\t\t\t\t\t\t<span class=\"elementor-icon-list-text\">Liberal Terceira (EN)<\/span>\n\t\t\t\t\t\t\t\t\t\t\t<\/a>\n\t\t\t\t\t\t\t\t\t<\/li>\n\t\t\t\t\t\t\t\t<li class=\"elementor-icon-list-item\">\n\t\t\t\t\t\t\t\t\t\t\t<a href=\"https:\/\/www.exploreterceira.com\/wp-content\/uploads\/2022\/01\/Angra-Today-and-in-Bygone-Days.pdf\" target=\"_blank\">\n\n\t\t\t\t\t\t\t\t\t\t\t\t<span class=\"elementor-icon-list-icon\">\n\t\t\t\t\t\t\t<i aria-hidden=\"true\" class=\"fas fa-check\"><\/i>\t\t\t\t\t\t<\/span>\n\t\t\t\t\t\t\t\t\t\t<span class=\"elementor-icon-list-text\">Angra: Today and Bygone Days (EN)<\/span>\n\t\t\t\t\t\t\t\t\t\t\t<\/a>\n\t\t\t\t\t\t\t\t\t<\/li>\n\t\t\t\t\t\t\t\t<li class=\"elementor-icon-list-item\">\n\t\t\t\t\t\t\t\t\t\t\t<a href=\"https:\/\/www.exploreterceira.com\/wp-content\/uploads\/2022\/01\/EN-desdobravel-Monte-Brasil-e-as-3-Fortificacoes-FINAL.pdf\" target=\"_blank\">\n\n\t\t\t\t\t\t\t\t\t\t\t\t<span class=\"elementor-icon-list-icon\">\n\t\t\t\t\t\t\t<i aria-hidden=\"true\" class=\"fas fa-check\"><\/i>\t\t\t\t\t\t<\/span>\n\t\t\t\t\t\t\t\t\t\t<span class=\"elementor-icon-list-text\">Monte Brasil and the three Forteresses of Angra (EN)<\/span>\n\t\t\t\t\t\t\t\t\t\t\t<\/a>\n\t\t\t\t\t\t\t\t\t<\/li>\n\t\t\t\t\t\t\t\t<li class=\"elementor-icon-list-item\">\n\t\t\t\t\t\t\t\t\t\t\t<a href=\"https:\/\/www.exploreterceira.com\/wp-content\/uploads\/2022\/01\/AF_desdobravel-Vinho-Uvas-e-Paisagem-EN-final-digital.pdf\" target=\"_blank\">\n\n\t\t\t\t\t\t\t\t\t\t\t\t<span class=\"elementor-icon-list-icon\">\n\t\t\t\t\t\t\t<i aria-hidden=\"true\" class=\"fas fa-check\"><\/i>\t\t\t\t\t\t<\/span>\n\t\t\t\t\t\t\t\t\t\t<span class=\"elementor-icon-list-text\">Wine, Grapes and Landscape (EN)<\/span>\n\t\t\t\t\t\t\t\t\t\t\t<\/a>\n\t\t\t\t\t\t\t\t\t<\/li>\n\t\t\t\t\t\t\t\t<li class=\"elementor-icon-list-item\">\n\t\t\t\t\t\t\t\t\t\t\t<a href=\"https:\/\/www.exploreterceira.com\/wp-content\/uploads\/2024\/03\/ESanto_Ter_webEN.pdf\" target=\"_blank\">\n\n\t\t\t\t\t\t\t\t\t\t\t\t<span class=\"elementor-icon-list-icon\">\n\t\t\t\t\t\t\t<i aria-hidden=\"true\" class=\"fas fa-check\"><\/i>\t\t\t\t\t\t<\/span>\n\t\t\t\t\t\t\t\t\t\t<span class=\"elementor-icon-list-text\">Under the Influence of the Divine Holy Spirit (EN)<\/span>\n\t\t\t\t\t\t\t\t\t\t\t<\/a>\n\t\t\t\t\t\t\t\t\t<\/li>\n\t\t\t\t\t\t\t\t<li class=\"elementor-icon-list-item\">\n\t\t\t\t\t\t\t\t\t\t\t<a href=\"https:\/\/www.exploreterceira.com\/wp-content\/uploads\/2024\/04\/Barcos_TER_webEN.pdf\" target=\"_blank\">\n\n\t\t\t\t\t\t\t\t\t\t\t\t<span class=\"elementor-icon-list-icon\">\n\t\t\t\t\t\t\t<i aria-hidden=\"true\" class=\"fas fa-check\"><\/i>\t\t\t\t\t\t<\/span>\n\t\t\t\t\t\t\t\t\t\t<span class=\"elementor-icon-list-text\">Ships in sight, new tale on the tide! (EN)<\/span>\n\t\t\t\t\t\t\t\t\t\t\t<\/a>\n\t\t\t\t\t\t\t\t\t<\/li>\n\t\t\t\t\t\t\t\t<li class=\"elementor-icon-list-item\">\n\t\t\t\t\t\t\t\t\t\t\t<a href=\"https:\/\/www.exploreterceira.com\/wp-content\/uploads\/2024\/04\/Rot-Freg-Terceira-Angra-PT-EN.pdf\" target=\"_blank\">\n\n\t\t\t\t\t\t\t\t\t\t\t\t<span class=\"elementor-icon-list-icon\">\n\t\t\t\t\t\t\t<i aria-hidden=\"true\" class=\"fas fa-check\"><\/i>\t\t\t\t\t\t<\/span>\n\t\t\t\t\t\t\t\t\t\t<span class=\"elementor-icon-list-text\">Angra do Hero\u00edsmo Parish Pocket Guide (PT_EN)<\/span>\n\t\t\t\t\t\t\t\t\t\t\t<\/a>\n\t\t\t\t\t\t\t\t\t<\/li>\n\t\t\t\t\t\t\t\t<li class=\"elementor-icon-list-item\">\n\t\t\t\t\t\t\t\t\t\t\t<a href=\"https:\/\/www.exploreterceira.com\/wp-content\/uploads\/2024\/04\/Rot-Freg-Terceira-Praia-PT-EN.pdf\" target=\"_blank\">\n\n\t\t\t\t\t\t\t\t\t\t\t\t<span class=\"elementor-icon-list-icon\">\n\t\t\t\t\t\t\t<i aria-hidden=\"true\" class=\"fas fa-check\"><\/i>\t\t\t\t\t\t<\/span>\n\t\t\t\t\t\t\t\t\t\t<span class=\"elementor-icon-list-text\">Praia da Vit\u00f3ria Parish Pocket Guide (PT_EN)<\/span>\n\t\t\t\t\t\t\t\t\t\t\t<\/a>\n\t\t\t\t\t\t\t\t\t<\/li>\n\t\t\t\t\t\t\t\t<li class=\"elementor-icon-list-item\">\n\t\t\t\t\t\t\t\t\t\t\t<a href=\"https:\/\/www.exploreterceira.com\/wp-content\/uploads\/2024\/04\/Diario-do-Explorador_Ter_PT_EN.pdf\" target=\"_blank\">\n\n\t\t\t\t\t\t\t\t\t\t\t\t<span class=\"elementor-icon-list-icon\">\n\t\t\t\t\t\t\t<i aria-hidden=\"true\" class=\"fas fa-check\"><\/i>\t\t\t\t\t\t<\/span>\n\t\t\t\t\t\t\t\t\t\t<span class=\"elementor-icon-list-text\">The Explorer\u00b4s Journal_children (PT_EN)<\/span>\n\t\t\t\t\t\t\t\t\t\t\t<\/a>\n\t\t\t\t\t\t\t\t\t<\/li>\n\t\t\t\t\t\t<\/ul>\n\t\t\t\t\t\t<\/div>\n\t\t\t\t<\/div>\n\t\t\t\t\t<\/div>\n\t\t<\/div>\n\t\t\t\t<div class=\"elementor-column elementor-col-50 elementor-inner-column elementor-element elementor-element-49827ea\" data-id=\"49827ea\" data-element_type=\"column\" data-e-type=\"column\">\n\t\t\t<div class=\"elementor-widget-wrap elementor-element-populated\">\n\t\t\t\t\t\t<div class=\"elementor-element elementor-element-abfff5c elementor-list-item-link-inline elementor-icon-list--layout-traditional elementor-widget elementor-widget-icon-list\" data-id=\"abfff5c\" data-element_type=\"widget\" data-e-type=\"widget\" data-widget_type=\"icon-list.default\">\n\t\t\t\t<div class=\"elementor-widget-container\">\n\t\t\t\t\t\t\t<ul class=\"elementor-icon-list-items\">\n\t\t\t\t\t\t\t<li class=\"elementor-icon-list-item\">\n\t\t\t\t\t\t\t\t\t\t\t<a href=\"https:\/\/www.exploreterceiraisland.com\/wp-content\/uploads\/2024\/10\/atlantic-heritage_flyer.pdf\">\n\n\t\t\t\t\t\t\t\t\t\t\t\t<span class=\"elementor-icon-list-icon\">\n\t\t\t\t\t\t\t<i aria-hidden=\"true\" class=\"fas fa-check\"><\/i>\t\t\t\t\t\t<\/span>\n\t\t\t\t\t\t\t\t\t\t<span class=\"elementor-icon-list-text\">Atlantic Heritage &amp; Freedom Cities<\/span>\n\t\t\t\t\t\t\t\t\t\t\t<\/a>\n\t\t\t\t\t\t\t\t\t<\/li>\n\t\t\t\t\t\t\t\t<li class=\"elementor-icon-list-item\">\n\t\t\t\t\t\t\t\t\t\t\t<a href=\"https:\/\/www.exploreterceira.com\/wp-content\/uploads\/2022\/01\/Roteiro-Terceira-Liberal-EN-final.pdf\" target=\"_blank\">\n\n\t\t\t\t\t\t\t\t\t\t\t\t<span class=\"elementor-icon-list-icon\">\n\t\t\t\t\t\t\t<i aria-hidden=\"true\" class=\"fas fa-check\"><\/i>\t\t\t\t\t\t<\/span>\n\t\t\t\t\t\t\t\t\t\t<span class=\"elementor-icon-list-text\">Liberal Terceira (EN)<\/span>\n\t\t\t\t\t\t\t\t\t\t\t<\/a>\n\t\t\t\t\t\t\t\t\t<\/li>\n\t\t\t\t\t\t\t\t<li class=\"elementor-icon-list-item\">\n\t\t\t\t\t\t\t\t\t\t\t<a href=\"https:\/\/www.exploreterceira.com\/wp-content\/uploads\/2024\/04\/Terceira-Nature-Park_EN.pdf\" target=\"_blank\">\n\n\t\t\t\t\t\t\t\t\t\t\t\t<span class=\"elementor-icon-list-icon\">\n\t\t\t\t\t\t\t<i aria-hidden=\"true\" class=\"fas fa-check\"><\/i>\t\t\t\t\t\t<\/span>\n\t\t\t\t\t\t\t\t\t\t<span class=\"elementor-icon-list-text\">Terceira Nature Park (EN)<\/span>\n\t\t\t\t\t\t\t\t\t\t\t<\/a>\n\t\t\t\t\t\t\t\t\t<\/li>\n\t\t\t\t\t\t\t\t<li class=\"elementor-icon-list-item\">\n\t\t\t\t\t\t\t\t\t\t\t<a href=\"https:\/\/www.exploreterceira.com\/wp-content\/uploads\/2024\/04\/Volcanic-Caves_EN.pdf\" target=\"_blank\">\n\n\t\t\t\t\t\t\t\t\t\t\t\t<span class=\"elementor-icon-list-icon\">\n\t\t\t\t\t\t\t<i aria-hidden=\"true\" class=\"fas fa-check\"><\/i>\t\t\t\t\t\t<\/span>\n\t\t\t\t\t\t\t\t\t\t<span class=\"elementor-icon-list-text\">Volcanic Caves (EN)<\/span>\n\t\t\t\t\t\t\t\t\t\t\t<\/a>\n\t\t\t\t\t\t\t\t\t<\/li>\n\t\t\t\t\t\t\t\t<li class=\"elementor-icon-list-item\">\n\t\t\t\t\t\t\t\t\t\t\t<a href=\"https:\/\/www.exploreterceira.com\/wp-content\/uploads\/2024\/04\/Algar-do-Carvao_EN.pdf\" target=\"_blank\">\n\n\t\t\t\t\t\t\t\t\t\t\t\t<span class=\"elementor-icon-list-icon\">\n\t\t\t\t\t\t\t<i aria-hidden=\"true\" class=\"fas fa-check\"><\/i>\t\t\t\t\t\t<\/span>\n\t\t\t\t\t\t\t\t\t\t<span class=\"elementor-icon-list-text\">Algar do Carv\u00e3o (EN)<\/span>\n\t\t\t\t\t\t\t\t\t\t\t<\/a>\n\t\t\t\t\t\t\t\t\t<\/li>\n\t\t\t\t\t\t\t\t<li class=\"elementor-icon-list-item\">\n\t\t\t\t\t\t\t\t\t\t\t<a href=\"https:\/\/www.exploreterceira.com\/wp-content\/uploads\/2024\/04\/Gruta-Natal_EN.pdf\" target=\"_blank\">\n\n\t\t\t\t\t\t\t\t\t\t\t\t<span class=\"elementor-icon-list-icon\">\n\t\t\t\t\t\t\t<i aria-hidden=\"true\" class=\"fas fa-check\"><\/i>\t\t\t\t\t\t<\/span>\n\t\t\t\t\t\t\t\t\t\t<span class=\"elementor-icon-list-text\">Gruta do Natal (EN)<\/span>\n\t\t\t\t\t\t\t\t\t\t\t<\/a>\n\t\t\t\t\t\t\t\t\t<\/li>\n\t\t\t\t\t\t\t\t<li class=\"elementor-icon-list-item\">\n\t\t\t\t\t\t\t\t\t\t\t<a href=\"https:\/\/www.exploreterceira.com\/wp-content\/uploads\/2022\/07\/Neme\u0301sio-ilha-terceira-EN.pdf\" target=\"_blank\">\n\n\t\t\t\t\t\t\t\t\t\t\t\t<span class=\"elementor-icon-list-icon\">\n\t\t\t\t\t\t\t<i aria-hidden=\"true\" class=\"fas fa-check\"><\/i>\t\t\t\t\t\t<\/span>\n\t\t\t\t\t\t\t\t\t\t<span class=\"elementor-icon-list-text\">\"Path of a Corsair\" (EN)<\/span>\n\t\t\t\t\t\t\t\t\t\t\t<\/a>\n\t\t\t\t\t\t\t\t\t<\/li>\n\t\t\t\t\t\t\t\t<li class=\"elementor-icon-list-item\">\n\t\t\t\t\t\t\t\t\t\t\t<a href=\"https:\/\/www.exploreterceira.com\/wp-content\/uploads\/2021\/06\/kit_normas_Explore-Terceira_100dpi.pdf\">\n\n\t\t\t\t\t\t\t\t\t\t\t\t<span class=\"elementor-icon-list-icon\">\n\t\t\t\t\t\t\t<i aria-hidden=\"true\" class=\"fas fa-check\"><\/i>\t\t\t\t\t\t<\/span>\n\t\t\t\t\t\t\t\t\t\t<span class=\"elementor-icon-list-text\">Kit Normas Gr\u00e1ficas Explore Terceira (PT)<\/span>\n\t\t\t\t\t\t\t\t\t\t\t<\/a>\n\t\t\t\t\t\t\t\t\t<\/li>\n\t\t\t\t\t\t<\/ul>\n\t\t\t\t\t\t<\/div>\n\t\t\t\t<\/div>\n\t\t\t\t\t<\/div>\n\t\t<\/div>\n\t\t\t\t\t<\/div>\n\t\t<\/section>\n\t\t\t\t\t<\/div>\n\t\t<\/div>\n\t\t\t\t\t<\/div>\n\t\t<\/section>\n\t\t\t\t<\/div>\n\t\t","protected":false},"excerpt":{"rendered":"<p>Liberal Terceira (EN) Angra: Today and Bygone Days (EN) Monte Brasil and the three Forteresses of Angra (EN) Wine, Grapes and Landscape (EN) Under the Influence of the Divine Holy Spirit (EN) Ships in sight, new tale on the tide! (EN) Angra do Hero\u00edsmo Parish Pocket Guide (PT_EN) Praia da Vit\u00f3ria Parish Pocket Guide (PT_EN) [&hellip;]<\/p>\n","protected":false},"author":10,"featured_media":0,"parent":0,"menu_order":0,"comment_status":"closed","ping_status":"closed","template":"elementor_header_footer","meta":{"footnotes":"","_links_to":"","_links_to_target":""},"class_list":["post-36201","page","type-page","status-publish","hentry"],"yoast_head":"<!-- This site is optimized with the Yoast SEO plugin v27.2 - https:\/\/yoast.com\/product\/yoast-seo-wordpress\/ -->\n<title>Brochures - Explore Terceira<\/title>\n<meta name=\"description\" content=\"Brochures d&#039;information touristique de l&#039;\u00eele Terceira, A\u00e7ores. Brochures d&#039;information touristique de l&#039;\u00eele Terceira, A\u00e7ores.\" \/>\n<meta name=\"robots\" content=\"index, follow, max-snippet:-1, max-image-preview:large, max-video-preview:-1\" \/>\n<link rel=\"canonical\" href=\"https:\/\/www.exploreterceiraisland.com\/fr\/brochuras\/\" \/>\n<meta property=\"og:locale\" content=\"fr_FR\" \/>\n<meta property=\"og:type\" content=\"article\" \/>\n<meta property=\"og:title\" content=\"Brochures - Explore Terceira\" \/>\n<meta property=\"og:description\" content=\"Brochures d&#039;information touristique de l&#039;\u00eele Terceira, A\u00e7ores. Brochures d&#039;information touristique de l&#039;\u00eele Terceira, A\u00e7ores.\" \/>\n<meta property=\"og:url\" content=\"https:\/\/www.exploreterceiraisland.com\/fr\/brochuras\/\" \/>\n<meta property=\"og:site_name\" content=\"Explore Terceira\" \/>\n<meta property=\"article:publisher\" content=\"https:\/\/www.facebook.com\/exploreterceira\/\" \/>\n<meta property=\"article:modified_time\" content=\"2024-10-17T17:48:51+00:00\" \/>\n<meta name=\"twitter:card\" content=\"summary_large_image\" \/>\n<meta name=\"twitter:label1\" content=\"Dur\u00e9e de lecture estim\u00e9e\" \/>\n\t<meta name=\"twitter:data1\" content=\"1 minute\" \/>\n<script type=\"application\/ld+json\" class=\"yoast-schema-graph\">{\"@context\":\"https:\/\/schema.org\",\"@graph\":[{\"@type\":\"WebPage\",\"@id\":\"https:\/\/www.exploreterceiraisland.com\/fr\/brochuras\/\",\"url\":\"https:\/\/www.exploreterceiraisland.com\/fr\/brochuras\/\",\"name\":\"Brochures - Explore Terceira\",\"isPartOf\":{\"@id\":\"https:\/\/www.exploreterceiraisland.com\/#website\"},\"datePublished\":\"2020-12-06T17:00:01+00:00\",\"dateModified\":\"2024-10-17T17:48:51+00:00\",\"description\":\"Brochures d'information touristique de l'\u00eele Terceira, A\u00e7ores. Brochures d'information touristique de l'\u00eele Terceira, A\u00e7ores.\",\"breadcrumb\":{\"@id\":\"https:\/\/www.exploreterceiraisland.com\/fr\/brochuras\/#breadcrumb\"},\"inLanguage\":\"fr-FR\",\"potentialAction\":[{\"@type\":\"ReadAction\",\"target\":[\"https:\/\/www.exploreterceiraisland.com\/fr\/brochuras\/\"]}]},{\"@type\":\"BreadcrumbList\",\"@id\":\"https:\/\/www.exploreterceiraisland.com\/fr\/brochuras\/#breadcrumb\",\"itemListElement\":[{\"@type\":\"ListItem\",\"position\":1,\"name\":\"Home\",\"item\":\"https:\/\/www.exploreterceiraisland.com\/fr\/\"},{\"@type\":\"ListItem\",\"position\":2,\"name\":\"Brochures\"}]},{\"@type\":\"WebSite\",\"@id\":\"https:\/\/www.exploreterceiraisland.com\/#website\",\"url\":\"https:\/\/www.exploreterceiraisland.com\/\",\"name\":\"Explore Terceira\",\"description\":\"Explore a Ilha Terceira e partilhe as suas aventuras connosco!\",\"publisher\":{\"@id\":\"https:\/\/www.exploreterceiraisland.com\/#organization\"},\"potentialAction\":[{\"@type\":\"SearchAction\",\"target\":{\"@type\":\"EntryPoint\",\"urlTemplate\":\"https:\/\/www.exploreterceiraisland.com\/?s={search_term_string}\"},\"query-input\":{\"@type\":\"PropertyValueSpecification\",\"valueRequired\":true,\"valueName\":\"search_term_string\"}}],\"inLanguage\":\"fr-FR\"},{\"@type\":\"Organization\",\"@id\":\"https:\/\/www.exploreterceiraisland.com\/#organization\",\"name\":\"Explore Terceira\",\"url\":\"https:\/\/www.exploreterceiraisland.com\/\",\"logo\":{\"@type\":\"ImageObject\",\"inLanguage\":\"fr-FR\",\"@id\":\"https:\/\/www.exploreterceiraisland.com\/#\/schema\/logo\/image\/\",\"url\":\"https:\/\/www.exploreterceiraisland.com\/wp-content\/uploads\/2021\/02\/teste.jpg\",\"contentUrl\":\"https:\/\/www.exploreterceiraisland.com\/wp-content\/uploads\/2021\/02\/teste.jpg\",\"width\":1449,\"height\":962,\"caption\":\"Explore Terceira\"},\"image\":{\"@id\":\"https:\/\/www.exploreterceiraisland.com\/#\/schema\/logo\/image\/\"},\"sameAs\":[\"https:\/\/www.facebook.com\/exploreterceira\/\",\"https:\/\/www.instagram.com\/exploreterceira\/\",\"https:\/\/www.youtube.com\/channel\/UCgUtDnAn0ym_W89OdzfNLmg\"]}]}<\/script>\n<!-- \/ Yoast SEO plugin. -->","yoast_head_json":{"title":"Brochures - Explore Terceira","description":"Brochures d'information touristique de l'\u00eele Terceira, A\u00e7ores. Brochures d'information touristique de l'\u00eele Terceira, A\u00e7ores.","robots":{"index":"index","follow":"follow","max-snippet":"max-snippet:-1","max-image-preview":"max-image-preview:large","max-video-preview":"max-video-preview:-1"},"canonical":"https:\/\/www.exploreterceiraisland.com\/fr\/brochuras\/","og_locale":"fr_FR","og_type":"article","og_title":"Brochures - Explore Terceira","og_description":"Brochures d'information touristique de l'\u00eele Terceira, A\u00e7ores. Brochures d'information touristique de l'\u00eele Terceira, A\u00e7ores.","og_url":"https:\/\/www.exploreterceiraisland.com\/fr\/brochuras\/","og_site_name":"Explore Terceira","article_publisher":"https:\/\/www.facebook.com\/exploreterceira\/","article_modified_time":"2024-10-17T17:48:51+00:00","twitter_card":"summary_large_image","twitter_misc":{"Dur\u00e9e de lecture estim\u00e9e":"1 minute"},"schema":{"@context":"https:\/\/schema.org","@graph":[{"@type":"WebPage","@id":"https:\/\/www.exploreterceiraisland.com\/fr\/brochuras\/","url":"https:\/\/www.exploreterceiraisland.com\/fr\/brochuras\/","name":"Brochures - Explore Terceira","isPartOf":{"@id":"https:\/\/www.exploreterceiraisland.com\/#website"},"datePublished":"2020-12-06T17:00:01+00:00","dateModified":"2024-10-17T17:48:51+00:00","description":"Brochures d'information touristique de l'\u00eele Terceira, A\u00e7ores. Brochures d'information touristique de l'\u00eele Terceira, A\u00e7ores.","breadcrumb":{"@id":"https:\/\/www.exploreterceiraisland.com\/fr\/brochuras\/#breadcrumb"},"inLanguage":"fr-FR","potentialAction":[{"@type":"ReadAction","target":["https:\/\/www.exploreterceiraisland.com\/fr\/brochuras\/"]}]},{"@type":"BreadcrumbList","@id":"https:\/\/www.exploreterceiraisland.com\/fr\/brochuras\/#breadcrumb","itemListElement":[{"@type":"ListItem","position":1,"name":"Home","item":"https:\/\/www.exploreterceiraisland.com\/fr\/"},{"@type":"ListItem","position":2,"name":"Brochures"}]},{"@type":"WebSite","@id":"https:\/\/www.exploreterceiraisland.com\/#website","url":"https:\/\/www.exploreterceiraisland.com\/","name":"Explore Terceira","description":"Explore a Ilha Terceira e partilhe as suas aventuras connosco!","publisher":{"@id":"https:\/\/www.exploreterceiraisland.com\/#organization"},"potentialAction":[{"@type":"SearchAction","target":{"@type":"EntryPoint","urlTemplate":"https:\/\/www.exploreterceiraisland.com\/?s={search_term_string}"},"query-input":{"@type":"PropertyValueSpecification","valueRequired":true,"valueName":"search_term_string"}}],"inLanguage":"fr-FR"},{"@type":"Organization","@id":"https:\/\/www.exploreterceiraisland.com\/#organization","name":"Explore Terceira","url":"https:\/\/www.exploreterceiraisland.com\/","logo":{"@type":"ImageObject","inLanguage":"fr-FR","@id":"https:\/\/www.exploreterceiraisland.com\/#\/schema\/logo\/image\/","url":"https:\/\/www.exploreterceiraisland.com\/wp-content\/uploads\/2021\/02\/teste.jpg","contentUrl":"https:\/\/www.exploreterceiraisland.com\/wp-content\/uploads\/2021\/02\/teste.jpg","width":1449,"height":962,"caption":"Explore Terceira"},"image":{"@id":"https:\/\/www.exploreterceiraisland.com\/#\/schema\/logo\/image\/"},"sameAs":["https:\/\/www.facebook.com\/exploreterceira\/","https:\/\/www.instagram.com\/exploreterceira\/","https:\/\/www.youtube.com\/channel\/UCgUtDnAn0ym_W89OdzfNLmg"]}]}},"_links":{"self":[{"href":"https:\/\/www.exploreterceiraisland.com\/fr\/wp-json\/wp\/v2\/pages\/36201","targetHints":{"allow":["GET"]}}],"collection":[{"href":"https:\/\/www.exploreterceiraisland.com\/fr\/wp-json\/wp\/v2\/pages"}],"about":[{"href":"https:\/\/www.exploreterceiraisland.com\/fr\/wp-json\/wp\/v2\/types\/page"}],"author":[{"embeddable":true,"href":"https:\/\/www.exploreterceiraisland.com\/fr\/wp-json\/wp\/v2\/users\/10"}],"replies":[{"embeddable":true,"href":"https:\/\/www.exploreterceiraisland.com\/fr\/wp-json\/wp\/v2\/comments?post=36201"}],"version-history":[{"count":0,"href":"https:\/\/www.exploreterceiraisland.com\/fr\/wp-json\/wp\/v2\/pages\/36201\/revisions"}],"wp:attachment":[{"href":"https:\/\/www.exploreterceiraisland.com\/fr\/wp-json\/wp\/v2\/media?parent=36201"}],"curies":[{"name":"wp","href":"https:\/\/api.w.org\/{rel}","templated":true}]}}