{"id":36296,"date":"2020-11-09T12:45:20","date_gmt":"2020-11-09T13:45:20","guid":{"rendered":"\/sobre-nos\/"},"modified":"2023-05-09T15:41:06","modified_gmt":"2023-05-09T16:41:06","slug":"sobre-nos","status":"publish","type":"page","link":"https:\/\/www.exploreterceiraisland.com\/fr\/sobre-nos\/","title":{"rendered":"Propos de Nous"},"content":{"rendered":"\t\t<div data-elementor-type=\"wp-page\" data-elementor-id=\"36296\" class=\"elementor elementor-36296 elementor-18\" data-elementor-post-type=\"page\">\n\t\t\t\t\t\t<section class=\"elementor-section elementor-top-section elementor-element elementor-element-22060f40 header01 elementor-section-boxed elementor-section-height-default elementor-section-height-default\" data-id=\"22060f40\" data-element_type=\"section\" data-e-type=\"section\" data-settings=\"{&quot;background_background&quot;:&quot;classic&quot;}\">\n\t\t\t\t\t\t<div class=\"elementor-container elementor-column-gap-default\">\n\t\t\t\t\t<div class=\"elementor-column elementor-col-100 elementor-top-column elementor-element elementor-element-588a0e1e\" data-id=\"588a0e1e\" data-element_type=\"column\" data-e-type=\"column\">\n\t\t\t<div class=\"elementor-widget-wrap\">\n\t\t\t\t\t\t\t<\/div>\n\t\t<\/div>\n\t\t\t\t\t<\/div>\n\t\t<\/section>\n\t\t\t\t<section class=\"elementor-section elementor-top-section elementor-element elementor-element-5604048 elementor-section-boxed elementor-section-height-default elementor-section-height-default\" data-id=\"5604048\" data-element_type=\"section\" data-e-type=\"section\">\n\t\t\t\t\t\t<div class=\"elementor-container elementor-column-gap-default\">\n\t\t\t\t\t<div class=\"elementor-column elementor-col-100 elementor-top-column elementor-element elementor-element-2b71772\" data-id=\"2b71772\" data-element_type=\"column\" data-e-type=\"column\">\n\t\t\t<div class=\"elementor-widget-wrap elementor-element-populated\">\n\t\t\t\t\t\t<div class=\"elementor-element elementor-element-3cf173f2 elementor-widget elementor-widget-heading\" data-id=\"3cf173f2\" data-element_type=\"widget\" data-e-type=\"widget\" data-widget_type=\"heading.default\">\n\t\t\t\t<div class=\"elementor-widget-container\">\n\t\t\t\t\t<h1 class=\"elementor-heading-title elementor-size-default\">Propos de Nous<\/h1>\t\t\t\t<\/div>\n\t\t\t\t<\/div>\n\t\t\t\t<div class=\"elementor-element elementor-element-232fde3 elementor-nav-menu__align-justify elementor-nav-menu--dropdown-none elementor-widget elementor-widget-nav-menu\" data-id=\"232fde3\" data-element_type=\"widget\" data-e-type=\"widget\" data-settings=\"{&quot;layout&quot;:&quot;horizontal&quot;,&quot;submenu_icon&quot;:{&quot;value&quot;:&quot;&lt;i class=\\&quot;fas fa-caret-down\\&quot; aria-hidden=\\&quot;true\\&quot;&gt;&lt;\\\/i&gt;&quot;,&quot;library&quot;:&quot;fa-solid&quot;}}\" data-widget_type=\"nav-menu.default\">\n\t\t\t\t<div class=\"elementor-widget-container\">\n\t\t\t\t\t\t\t\t<nav aria-label=\"Menu\" class=\"elementor-nav-menu--main elementor-nav-menu__container elementor-nav-menu--layout-horizontal e--pointer-underline e--animation-fade\">\n\t\t\t\t<ul id=\"menu-1-232fde3\" class=\"elementor-nav-menu\"><li class=\"menu-item menu-item-type-post_type menu-item-object-page menu-item-60376\"><a href=\"https:\/\/www.exploreterceiraisland.com\/fr\/sobre-nos\/\" class=\"elementor-item\">Tout voir<\/a><\/li>\n<li class=\"menu-item menu-item-type-taxonomy menu-item-object-category menu-item-60377\"><a href=\"https:\/\/www.exploreterceiraisland.com\/fr\/c\/ce-quils-disent-de-nous-fr\/\" class=\"elementor-item\">Ce qu\u2019ils disent de nous<\/a><\/li>\n<li class=\"menu-item menu-item-type-taxonomy menu-item-object-category menu-item-60378\"><a href=\"https:\/\/www.exploreterceiraisland.com\/fr\/c\/les-habitants-disent\/\" class=\"elementor-item\">Les habitants disent<\/a><\/li>\n<\/ul>\t\t\t<\/nav>\n\t\t\t\t\t\t<nav class=\"elementor-nav-menu--dropdown elementor-nav-menu__container\" aria-hidden=\"true\">\n\t\t\t\t<ul id=\"menu-2-232fde3\" class=\"elementor-nav-menu\"><li class=\"menu-item menu-item-type-post_type menu-item-object-page menu-item-60376\"><a href=\"https:\/\/www.exploreterceiraisland.com\/fr\/sobre-nos\/\" class=\"elementor-item\" tabindex=\"-1\">Tout voir<\/a><\/li>\n<li class=\"menu-item menu-item-type-taxonomy menu-item-object-category menu-item-60377\"><a href=\"https:\/\/www.exploreterceiraisland.com\/fr\/c\/ce-quils-disent-de-nous-fr\/\" class=\"elementor-item\" tabindex=\"-1\">Ce qu\u2019ils disent de nous<\/a><\/li>\n<li class=\"menu-item menu-item-type-taxonomy menu-item-object-category menu-item-60378\"><a href=\"https:\/\/www.exploreterceiraisland.com\/fr\/c\/les-habitants-disent\/\" class=\"elementor-item\" tabindex=\"-1\">Les habitants disent<\/a><\/li>\n<\/ul>\t\t\t<\/nav>\n\t\t\t\t\t\t<\/div>\n\t\t\t\t<\/div>\n\t\t\t\t\t<\/div>\n\t\t<\/div>\n\t\t\t\t\t<\/div>\n\t\t<\/section>\n\t\t\t\t<\/div>\n\t\t","protected":false},"excerpt":{"rendered":"<p>Propos de Nous<\/p>\n","protected":false},"author":2,"featured_media":36297,"parent":0,"menu_order":0,"comment_status":"closed","ping_status":"closed","template":"elementor_header_footer","meta":{"footnotes":"","_links_to":"","_links_to_target":""},"class_list":["post-36296","page","type-page","status-publish","has-post-thumbnail","hentry"],"yoast_head":"<!-- This site is optimized with the Yoast SEO plugin v27.2 - https:\/\/yoast.com\/product\/yoast-seo-wordpress\/ -->\n<title>Propos de Nous - Explore Terceira<\/title>\n<meta name=\"description\" content=\"Ce qu&#039;ils disent de l&#039;\u00eele de Terceira, A\u00e7ores. Ce qu&#039;ils disent de nous. Ce qu&#039;ils disent de l&#039;\u00eele de Terceira, aux A\u00e7ores. Ce qu&#039;ils disent de nous.\" \/>\n<meta name=\"robots\" content=\"index, follow, max-snippet:-1, max-image-preview:large, max-video-preview:-1\" \/>\n<link rel=\"canonical\" href=\"https:\/\/www.exploreterceiraisland.com\/fr\/sobre-nos\/\" \/>\n<meta property=\"og:locale\" content=\"fr_FR\" \/>\n<meta property=\"og:type\" content=\"article\" \/>\n<meta property=\"og:title\" content=\"Propos de Nous - Explore Terceira\" \/>\n<meta property=\"og:description\" content=\"Ce qu&#039;ils disent de l&#039;\u00eele de Terceira, A\u00e7ores. Ce qu&#039;ils disent de nous. Ce qu&#039;ils disent de l&#039;\u00eele de Terceira, aux A\u00e7ores. Ce qu&#039;ils disent de nous.\" \/>\n<meta property=\"og:url\" content=\"https:\/\/www.exploreterceiraisland.com\/fr\/sobre-nos\/\" \/>\n<meta property=\"og:site_name\" content=\"Explore Terceira\" \/>\n<meta property=\"article:publisher\" content=\"https:\/\/www.facebook.com\/exploreterceira\/\" \/>\n<meta property=\"article:modified_time\" content=\"2023-05-09T16:41:06+00:00\" \/>\n<meta property=\"og:image\" content=\"https:\/\/www.exploreterceiraisland.com\/wp-content\/uploads\/2020\/12\/paisagem.jpg\" \/>\n\t<meta property=\"og:image:width\" content=\"2000\" \/>\n\t<meta property=\"og:image:height\" content=\"657\" \/>\n\t<meta property=\"og:image:type\" content=\"image\/jpeg\" \/>\n<meta name=\"twitter:card\" content=\"summary_large_image\" \/>\n<script type=\"application\/ld+json\" class=\"yoast-schema-graph\">{\"@context\":\"https:\/\/schema.org\",\"@graph\":[{\"@type\":\"WebPage\",\"@id\":\"https:\/\/www.exploreterceiraisland.com\/fr\/sobre-nos\/\",\"url\":\"https:\/\/www.exploreterceiraisland.com\/fr\/sobre-nos\/\",\"name\":\"Propos de Nous - Explore Terceira\",\"isPartOf\":{\"@id\":\"https:\/\/www.exploreterceiraisland.com\/#website\"},\"primaryImageOfPage\":{\"@id\":\"https:\/\/www.exploreterceiraisland.com\/fr\/sobre-nos\/#primaryimage\"},\"image\":{\"@id\":\"https:\/\/www.exploreterceiraisland.com\/fr\/sobre-nos\/#primaryimage\"},\"thumbnailUrl\":\"https:\/\/www.exploreterceiraisland.com\/wp-content\/uploads\/2020\/12\/paisagem.jpg\",\"datePublished\":\"2020-11-09T13:45:20+00:00\",\"dateModified\":\"2023-05-09T16:41:06+00:00\",\"description\":\"Ce qu'ils disent de l'\u00eele de Terceira, A\u00e7ores. Ce qu'ils disent de nous. Ce qu'ils disent de l'\u00eele de Terceira, aux A\u00e7ores. Ce qu'ils disent de nous.\",\"breadcrumb\":{\"@id\":\"https:\/\/www.exploreterceiraisland.com\/fr\/sobre-nos\/#breadcrumb\"},\"inLanguage\":\"fr-FR\",\"potentialAction\":[{\"@type\":\"ReadAction\",\"target\":[\"https:\/\/www.exploreterceiraisland.com\/fr\/sobre-nos\/\"]}]},{\"@type\":\"ImageObject\",\"inLanguage\":\"fr-FR\",\"@id\":\"https:\/\/www.exploreterceiraisland.com\/fr\/sobre-nos\/#primaryimage\",\"url\":\"https:\/\/www.exploreterceiraisland.com\/wp-content\/uploads\/2020\/12\/paisagem.jpg\",\"contentUrl\":\"https:\/\/www.exploreterceiraisland.com\/wp-content\/uploads\/2020\/12\/paisagem.jpg\",\"width\":2000,\"height\":657},{\"@type\":\"BreadcrumbList\",\"@id\":\"https:\/\/www.exploreterceiraisland.com\/fr\/sobre-nos\/#breadcrumb\",\"itemListElement\":[{\"@type\":\"ListItem\",\"position\":1,\"name\":\"Home\",\"item\":\"https:\/\/www.exploreterceiraisland.com\/fr\/\"},{\"@type\":\"ListItem\",\"position\":2,\"name\":\"Propos de Nous\"}]},{\"@type\":\"WebSite\",\"@id\":\"https:\/\/www.exploreterceiraisland.com\/#website\",\"url\":\"https:\/\/www.exploreterceiraisland.com\/\",\"name\":\"Explore Terceira\",\"description\":\"Explore a Ilha Terceira e partilhe as suas aventuras connosco!\",\"publisher\":{\"@id\":\"https:\/\/www.exploreterceiraisland.com\/#organization\"},\"potentialAction\":[{\"@type\":\"SearchAction\",\"target\":{\"@type\":\"EntryPoint\",\"urlTemplate\":\"https:\/\/www.exploreterceiraisland.com\/?s={search_term_string}\"},\"query-input\":{\"@type\":\"PropertyValueSpecification\",\"valueRequired\":true,\"valueName\":\"search_term_string\"}}],\"inLanguage\":\"fr-FR\"},{\"@type\":\"Organization\",\"@id\":\"https:\/\/www.exploreterceiraisland.com\/#organization\",\"name\":\"Explore Terceira\",\"url\":\"https:\/\/www.exploreterceiraisland.com\/\",\"logo\":{\"@type\":\"ImageObject\",\"inLanguage\":\"fr-FR\",\"@id\":\"https:\/\/www.exploreterceiraisland.com\/#\/schema\/logo\/image\/\",\"url\":\"https:\/\/www.exploreterceiraisland.com\/wp-content\/uploads\/2021\/02\/teste.jpg\",\"contentUrl\":\"https:\/\/www.exploreterceiraisland.com\/wp-content\/uploads\/2021\/02\/teste.jpg\",\"width\":1449,\"height\":962,\"caption\":\"Explore Terceira\"},\"image\":{\"@id\":\"https:\/\/www.exploreterceiraisland.com\/#\/schema\/logo\/image\/\"},\"sameAs\":[\"https:\/\/www.facebook.com\/exploreterceira\/\",\"https:\/\/www.instagram.com\/exploreterceira\/\",\"https:\/\/www.youtube.com\/channel\/UCgUtDnAn0ym_W89OdzfNLmg\"]}]}<\/script>\n<!-- \/ Yoast SEO plugin. -->","yoast_head_json":{"title":"Propos de Nous - Explore Terceira","description":"Ce qu'ils disent de l'\u00eele de Terceira, A\u00e7ores. Ce qu'ils disent de nous. Ce qu'ils disent de l'\u00eele de Terceira, aux A\u00e7ores. Ce qu'ils disent de nous.","robots":{"index":"index","follow":"follow","max-snippet":"max-snippet:-1","max-image-preview":"max-image-preview:large","max-video-preview":"max-video-preview:-1"},"canonical":"https:\/\/www.exploreterceiraisland.com\/fr\/sobre-nos\/","og_locale":"fr_FR","og_type":"article","og_title":"Propos de Nous - Explore Terceira","og_description":"Ce qu'ils disent de l'\u00eele de Terceira, A\u00e7ores. Ce qu'ils disent de nous. Ce qu'ils disent de l'\u00eele de Terceira, aux A\u00e7ores. Ce qu'ils disent de nous.","og_url":"https:\/\/www.exploreterceiraisland.com\/fr\/sobre-nos\/","og_site_name":"Explore Terceira","article_publisher":"https:\/\/www.facebook.com\/exploreterceira\/","article_modified_time":"2023-05-09T16:41:06+00:00","og_image":[{"width":2000,"height":657,"url":"https:\/\/www.exploreterceiraisland.com\/wp-content\/uploads\/2020\/12\/paisagem.jpg","type":"image\/jpeg"}],"twitter_card":"summary_large_image","schema":{"@context":"https:\/\/schema.org","@graph":[{"@type":"WebPage","@id":"https:\/\/www.exploreterceiraisland.com\/fr\/sobre-nos\/","url":"https:\/\/www.exploreterceiraisland.com\/fr\/sobre-nos\/","name":"Propos de Nous - Explore Terceira","isPartOf":{"@id":"https:\/\/www.exploreterceiraisland.com\/#website"},"primaryImageOfPage":{"@id":"https:\/\/www.exploreterceiraisland.com\/fr\/sobre-nos\/#primaryimage"},"image":{"@id":"https:\/\/www.exploreterceiraisland.com\/fr\/sobre-nos\/#primaryimage"},"thumbnailUrl":"https:\/\/www.exploreterceiraisland.com\/wp-content\/uploads\/2020\/12\/paisagem.jpg","datePublished":"2020-11-09T13:45:20+00:00","dateModified":"2023-05-09T16:41:06+00:00","description":"Ce qu'ils disent de l'\u00eele de Terceira, A\u00e7ores. Ce qu'ils disent de nous. Ce qu'ils disent de l'\u00eele de Terceira, aux A\u00e7ores. Ce qu'ils disent de nous.","breadcrumb":{"@id":"https:\/\/www.exploreterceiraisland.com\/fr\/sobre-nos\/#breadcrumb"},"inLanguage":"fr-FR","potentialAction":[{"@type":"ReadAction","target":["https:\/\/www.exploreterceiraisland.com\/fr\/sobre-nos\/"]}]},{"@type":"ImageObject","inLanguage":"fr-FR","@id":"https:\/\/www.exploreterceiraisland.com\/fr\/sobre-nos\/#primaryimage","url":"https:\/\/www.exploreterceiraisland.com\/wp-content\/uploads\/2020\/12\/paisagem.jpg","contentUrl":"https:\/\/www.exploreterceiraisland.com\/wp-content\/uploads\/2020\/12\/paisagem.jpg","width":2000,"height":657},{"@type":"BreadcrumbList","@id":"https:\/\/www.exploreterceiraisland.com\/fr\/sobre-nos\/#breadcrumb","itemListElement":[{"@type":"ListItem","position":1,"name":"Home","item":"https:\/\/www.exploreterceiraisland.com\/fr\/"},{"@type":"ListItem","position":2,"name":"Propos de Nous"}]},{"@type":"WebSite","@id":"https:\/\/www.exploreterceiraisland.com\/#website","url":"https:\/\/www.exploreterceiraisland.com\/","name":"Explore Terceira","description":"Explore a Ilha Terceira e partilhe as suas aventuras connosco!","publisher":{"@id":"https:\/\/www.exploreterceiraisland.com\/#organization"},"potentialAction":[{"@type":"SearchAction","target":{"@type":"EntryPoint","urlTemplate":"https:\/\/www.exploreterceiraisland.com\/?s={search_term_string}"},"query-input":{"@type":"PropertyValueSpecification","valueRequired":true,"valueName":"search_term_string"}}],"inLanguage":"fr-FR"},{"@type":"Organization","@id":"https:\/\/www.exploreterceiraisland.com\/#organization","name":"Explore Terceira","url":"https:\/\/www.exploreterceiraisland.com\/","logo":{"@type":"ImageObject","inLanguage":"fr-FR","@id":"https:\/\/www.exploreterceiraisland.com\/#\/schema\/logo\/image\/","url":"https:\/\/www.exploreterceiraisland.com\/wp-content\/uploads\/2021\/02\/teste.jpg","contentUrl":"https:\/\/www.exploreterceiraisland.com\/wp-content\/uploads\/2021\/02\/teste.jpg","width":1449,"height":962,"caption":"Explore Terceira"},"image":{"@id":"https:\/\/www.exploreterceiraisland.com\/#\/schema\/logo\/image\/"},"sameAs":["https:\/\/www.facebook.com\/exploreterceira\/","https:\/\/www.instagram.com\/exploreterceira\/","https:\/\/www.youtube.com\/channel\/UCgUtDnAn0ym_W89OdzfNLmg"]}]}},"_links":{"self":[{"href":"https:\/\/www.exploreterceiraisland.com\/fr\/wp-json\/wp\/v2\/pages\/36296","targetHints":{"allow":["GET"]}}],"collection":[{"href":"https:\/\/www.exploreterceiraisland.com\/fr\/wp-json\/wp\/v2\/pages"}],"about":[{"href":"https:\/\/www.exploreterceiraisland.com\/fr\/wp-json\/wp\/v2\/types\/page"}],"author":[{"embeddable":true,"href":"https:\/\/www.exploreterceiraisland.com\/fr\/wp-json\/wp\/v2\/users\/2"}],"replies":[{"embeddable":true,"href":"https:\/\/www.exploreterceiraisland.com\/fr\/wp-json\/wp\/v2\/comments?post=36296"}],"version-history":[{"count":0,"href":"https:\/\/www.exploreterceiraisland.com\/fr\/wp-json\/wp\/v2\/pages\/36296\/revisions"}],"wp:featuredmedia":[{"embeddable":true,"href":"https:\/\/www.exploreterceiraisland.com\/fr\/wp-json\/wp\/v2\/media\/36297"}],"wp:attachment":[{"href":"https:\/\/www.exploreterceiraisland.com\/fr\/wp-json\/wp\/v2\/media?parent=36296"}],"curies":[{"name":"wp","href":"https:\/\/api.w.org\/{rel}","templated":true}]}}