{"id":45207,"date":"2021-05-28T10:46:05","date_gmt":"2021-05-28T11:46:05","guid":{"rendered":"https:\/\/staging.exploreterceira.ideastation.eu\/planear\/covid-19\/"},"modified":"2023-05-09T15:36:03","modified_gmt":"2023-05-09T16:36:03","slug":"covid-19","status":"publish","type":"page","link":"https:\/\/www.exploreterceiraisland.com\/fr\/planear\/covid-19\/","title":{"rendered":"COVID-19"},"content":{"rendered":"\t\t<div data-elementor-type=\"wp-page\" data-elementor-id=\"45207\" class=\"elementor elementor-45207 elementor-45196\" data-elementor-post-type=\"page\">\n\t\t\t\t\t\t<section class=\"elementor-section elementor-top-section elementor-element elementor-element-75a14aa7 elementor-section-boxed elementor-section-height-default elementor-section-height-default\" data-id=\"75a14aa7\" data-element_type=\"section\" data-e-type=\"section\" id=\"titulo1\" data-settings=\"{&quot;background_background&quot;:&quot;classic&quot;}\">\n\t\t\t\t\t\t<div class=\"elementor-container elementor-column-gap-default\">\n\t\t\t\t\t<div class=\"elementor-column elementor-col-100 elementor-top-column elementor-element elementor-element-4574cfd8\" data-id=\"4574cfd8\" data-element_type=\"column\" data-e-type=\"column\">\n\t\t\t<div class=\"elementor-widget-wrap\">\n\t\t\t\t\t\t\t<\/div>\n\t\t<\/div>\n\t\t\t\t\t<\/div>\n\t\t<\/section>\n\t\t\t\t<section class=\"elementor-section elementor-top-section elementor-element elementor-element-f0ad8cb elementor-section-boxed elementor-section-height-default elementor-section-height-default\" data-id=\"f0ad8cb\" data-element_type=\"section\" data-e-type=\"section\">\n\t\t\t\t\t\t<div class=\"elementor-container elementor-column-gap-default\">\n\t\t\t\t\t<div class=\"elementor-column elementor-col-100 elementor-top-column elementor-element elementor-element-6b24135\" data-id=\"6b24135\" data-element_type=\"column\" data-e-type=\"column\">\n\t\t\t<div class=\"elementor-widget-wrap elementor-element-populated\">\n\t\t\t\t\t\t<div class=\"elementor-element elementor-element-1c22637a elementor-widget elementor-widget-heading\" data-id=\"1c22637a\" data-element_type=\"widget\" data-e-type=\"widget\" data-widget_type=\"heading.default\">\n\t\t\t\t<div class=\"elementor-widget-container\">\n\t\t\t\t\t<h1 class=\"elementor-heading-title elementor-size-default\">COVID-19<\/h1>\t\t\t\t<\/div>\n\t\t\t\t<\/div>\n\t\t\t\t<div class=\"elementor-element elementor-element-1bf6bc9 elementor-widget elementor-widget-text-editor\" data-id=\"1bf6bc9\" data-element_type=\"widget\" data-e-type=\"widget\" data-widget_type=\"text-editor.default\">\n\t\t\t\t<div class=\"elementor-widget-container\">\n\t\t\t\t\t\t\t\t\t<p class=\"p1\">Lors de l&rsquo;\u00e9pid\u00e9mie par le nouveau coronavirus &#8211; COVID-19, le gouvernement portugais a pris toutes les mesures de sant\u00e9 publique n\u00e9cessaires pour prot\u00e9ger l&rsquo;ensemble de la population. L&rsquo;analyse de l&rsquo;\u00e9volution de l&rsquo;\u00e9pid\u00e9mie est constante et la mise en \u0153uvre de nouvelles mesures sera effectu\u00e9e chaque fois que n\u00e9cessaire.<\/p>\r\n<p class=\"p1\">Des directives g\u00e9n\u00e9rales de comportement ont \u00e9t\u00e9 adopt\u00e9es, dans lesquelles toutes les personnes doivent adopter les r\u00e8gles suivantes:<\/p>\r\n<p class=\"p1\">Distanciation sociale;<\/p>\r\n<p class=\"p1\">Lavage fr\u00e9quent des mains;<\/p>\r\n<p class=\"p1\">Utilisation obligatoire du masque;<\/p>\r\n<p class=\"p1\">L&rsquo;\u00e9tiquette respiratoire.<\/p>\r\n<p class=\"p1\">Les passagers qui souhaitent se rendre sur le territoire de la R\u00e9gion Autonome des A\u00e7ores, par voie a\u00e9rienne ou maritime, et qui proviennent de zones consid\u00e9r\u00e9es par l&rsquo;Organisation mondiale de la Sant\u00e9 comme des zones de transmission communautaire active ou avec des cha\u00eenes de transmission actives du virus SRAS-CoV-2, sont tenus de se soumettre \u00e0 un test \u00e0 leur arriv\u00e9e sur l&rsquo;\u00eele de destination finale, \u00e0 moins de pr\u00e9senter un justificatif, sous forme num\u00e9rique ou papier, d&rsquo;un certificat d\u00e9livr\u00e9 par un laboratoire accr\u00e9dit\u00e9, au niveau national ou international, attestant de la r\u00e9alisation d&rsquo;un test de d\u00e9pistage du SRAS-CoV-2 effectu\u00e9 par la m\u00e9thode RT-PCR, dans les 72 heures pr\u00e9c\u00e9dant le d\u00e9part du vol ou du navire.<\/p>\r\n<p class=\"p1\">Informations plus d\u00e9taill\u00e9es et exceptions <a href=\"https:\/\/www.visitazores.com\/fr\/trip-info\"><span class=\"s1\">ICI<\/span><\/a><\/p>\r\n<p class=\"p1\">Restrictions sp\u00e9cifiques pour l&rsquo;\u00eele de Terceira <a href=\"https:\/\/www.visitazores.com\/es\/restrictions\/terceira\"><span class=\"s1\">ICI<\/span><\/a><\/p>\r\n<p class=\"p1\">Laboratoires stipul\u00e9s <a href=\"https:\/\/destinoseguro.azores.gov.pt\/wp-content\/uploads\/2021\/05\/Listagem-de-Laboratorios-e-Postos-de-colheita_30042021.pdf\"><span class=\"s1\">ICI<\/span><\/a><\/p>\r\n&nbsp;\t\t\t\t\t\t\t\t<\/div>\n\t\t\t\t<\/div>\n\t\t\t\t\t<\/div>\n\t\t<\/div>\n\t\t\t\t\t<\/div>\n\t\t<\/section>\n\t\t\t\t<\/div>\n\t\t","protected":false},"excerpt":{"rendered":"<p>Lors de l&rsquo;\u00e9pid\u00e9mie par le nouveau coronavirus &#8211; COVID-19, le gouvernement portugais a pris toutes les mesures de sant\u00e9 publique n\u00e9cessaires pour prot\u00e9ger l&rsquo;ensemble de la population. L&rsquo;analyse de l&rsquo;\u00e9volution de l&rsquo;\u00e9pid\u00e9mie est constante et la mise en \u0153uvre de nouvelles mesures sera effectu\u00e9e chaque fois que n\u00e9cessaire. Des directives g\u00e9n\u00e9rales de comportement ont \u00e9t\u00e9 [&hellip;]<\/p>\n","protected":false},"author":10,"featured_media":25077,"parent":36242,"menu_order":0,"comment_status":"closed","ping_status":"closed","template":"elementor_header_footer","meta":{"footnotes":"","_links_to":"","_links_to_target":""},"class_list":["post-45207","page","type-page","status-publish","has-post-thumbnail","hentry"],"yoast_head":"<!-- This site is optimized with the Yoast SEO plugin v27.2 - https:\/\/yoast.com\/product\/yoast-seo-wordpress\/ -->\n<title>COVID-19 - Explore Terceira<\/title>\n<meta name=\"robots\" content=\"index, follow, max-snippet:-1, max-image-preview:large, max-video-preview:-1\" \/>\n<link rel=\"canonical\" href=\"https:\/\/www.exploreterceiraisland.com\/fr\/planear\/covid-19\/\" \/>\n<meta property=\"og:locale\" content=\"fr_FR\" \/>\n<meta property=\"og:type\" content=\"article\" \/>\n<meta property=\"og:title\" content=\"COVID-19 - Explore Terceira\" \/>\n<meta property=\"og:description\" content=\"Lors de l&rsquo;\u00e9pid\u00e9mie par le nouveau coronavirus &#8211; COVID-19, le gouvernement portugais a pris toutes les mesures de sant\u00e9 publique n\u00e9cessaires pour prot\u00e9ger l&rsquo;ensemble de la population. L&rsquo;analyse de l&rsquo;\u00e9volution de l&rsquo;\u00e9pid\u00e9mie est constante et la mise en \u0153uvre de nouvelles mesures sera effectu\u00e9e chaque fois que n\u00e9cessaire. Des directives g\u00e9n\u00e9rales de comportement ont \u00e9t\u00e9 [&hellip;]\" \/>\n<meta property=\"og:url\" content=\"https:\/\/www.exploreterceiraisland.com\/fr\/planear\/covid-19\/\" \/>\n<meta property=\"og:site_name\" content=\"Explore Terceira\" \/>\n<meta property=\"article:publisher\" content=\"https:\/\/www.facebook.com\/exploreterceira\/\" \/>\n<meta property=\"article:modified_time\" content=\"2023-05-09T16:36:03+00:00\" \/>\n<meta property=\"og:image\" content=\"https:\/\/www.exploreterceiraisland.com\/wp-content\/uploads\/2020\/12\/entrar-e-sai-da-ilha-terceira.jpg\" \/>\n\t<meta property=\"og:image:width\" content=\"2000\" \/>\n\t<meta property=\"og:image:height\" content=\"657\" \/>\n\t<meta property=\"og:image:type\" content=\"image\/jpeg\" \/>\n<meta name=\"twitter:card\" content=\"summary_large_image\" \/>\n<meta name=\"twitter:label1\" content=\"Dur\u00e9e de lecture estim\u00e9e\" \/>\n\t<meta name=\"twitter:data1\" content=\"1 minute\" \/>\n<script type=\"application\/ld+json\" class=\"yoast-schema-graph\">{\"@context\":\"https:\/\/schema.org\",\"@graph\":[{\"@type\":\"WebPage\",\"@id\":\"https:\/\/www.exploreterceiraisland.com\/fr\/planear\/covid-19\/\",\"url\":\"https:\/\/www.exploreterceiraisland.com\/fr\/planear\/covid-19\/\",\"name\":\"COVID-19 - Explore Terceira\",\"isPartOf\":{\"@id\":\"https:\/\/www.exploreterceiraisland.com\/#website\"},\"primaryImageOfPage\":{\"@id\":\"https:\/\/www.exploreterceiraisland.com\/fr\/planear\/covid-19\/#primaryimage\"},\"image\":{\"@id\":\"https:\/\/www.exploreterceiraisland.com\/fr\/planear\/covid-19\/#primaryimage\"},\"thumbnailUrl\":\"https:\/\/www.exploreterceiraisland.com\/wp-content\/uploads\/2020\/12\/entrar-e-sai-da-ilha-terceira.jpg\",\"datePublished\":\"2021-05-28T11:46:05+00:00\",\"dateModified\":\"2023-05-09T16:36:03+00:00\",\"breadcrumb\":{\"@id\":\"https:\/\/www.exploreterceiraisland.com\/fr\/planear\/covid-19\/#breadcrumb\"},\"inLanguage\":\"fr-FR\",\"potentialAction\":[{\"@type\":\"ReadAction\",\"target\":[\"https:\/\/www.exploreterceiraisland.com\/fr\/planear\/covid-19\/\"]}]},{\"@type\":\"ImageObject\",\"inLanguage\":\"fr-FR\",\"@id\":\"https:\/\/www.exploreterceiraisland.com\/fr\/planear\/covid-19\/#primaryimage\",\"url\":\"https:\/\/www.exploreterceiraisland.com\/wp-content\/uploads\/2020\/12\/entrar-e-sai-da-ilha-terceira.jpg\",\"contentUrl\":\"https:\/\/www.exploreterceiraisland.com\/wp-content\/uploads\/2020\/12\/entrar-e-sai-da-ilha-terceira.jpg\",\"width\":2000,\"height\":657},{\"@type\":\"BreadcrumbList\",\"@id\":\"https:\/\/www.exploreterceiraisland.com\/fr\/planear\/covid-19\/#breadcrumb\",\"itemListElement\":[{\"@type\":\"ListItem\",\"position\":1,\"name\":\"Home\",\"item\":\"https:\/\/www.exploreterceiraisland.com\/fr\/\"},{\"@type\":\"ListItem\",\"position\":2,\"name\":\"Planifier le voyage\",\"item\":\"https:\/\/www.exploreterceiraisland.com\/fr\/planear\/\"},{\"@type\":\"ListItem\",\"position\":3,\"name\":\"COVID-19\"}]},{\"@type\":\"WebSite\",\"@id\":\"https:\/\/www.exploreterceiraisland.com\/#website\",\"url\":\"https:\/\/www.exploreterceiraisland.com\/\",\"name\":\"Explore Terceira\",\"description\":\"Explore a Ilha Terceira e partilhe as suas aventuras connosco!\",\"publisher\":{\"@id\":\"https:\/\/www.exploreterceiraisland.com\/#organization\"},\"potentialAction\":[{\"@type\":\"SearchAction\",\"target\":{\"@type\":\"EntryPoint\",\"urlTemplate\":\"https:\/\/www.exploreterceiraisland.com\/?s={search_term_string}\"},\"query-input\":{\"@type\":\"PropertyValueSpecification\",\"valueRequired\":true,\"valueName\":\"search_term_string\"}}],\"inLanguage\":\"fr-FR\"},{\"@type\":\"Organization\",\"@id\":\"https:\/\/www.exploreterceiraisland.com\/#organization\",\"name\":\"Explore Terceira\",\"url\":\"https:\/\/www.exploreterceiraisland.com\/\",\"logo\":{\"@type\":\"ImageObject\",\"inLanguage\":\"fr-FR\",\"@id\":\"https:\/\/www.exploreterceiraisland.com\/#\/schema\/logo\/image\/\",\"url\":\"https:\/\/www.exploreterceiraisland.com\/wp-content\/uploads\/2021\/02\/teste.jpg\",\"contentUrl\":\"https:\/\/www.exploreterceiraisland.com\/wp-content\/uploads\/2021\/02\/teste.jpg\",\"width\":1449,\"height\":962,\"caption\":\"Explore Terceira\"},\"image\":{\"@id\":\"https:\/\/www.exploreterceiraisland.com\/#\/schema\/logo\/image\/\"},\"sameAs\":[\"https:\/\/www.facebook.com\/exploreterceira\/\",\"https:\/\/www.instagram.com\/exploreterceira\/\",\"https:\/\/www.youtube.com\/channel\/UCgUtDnAn0ym_W89OdzfNLmg\"]}]}<\/script>\n<!-- \/ Yoast SEO plugin. -->","yoast_head_json":{"title":"COVID-19 - Explore Terceira","robots":{"index":"index","follow":"follow","max-snippet":"max-snippet:-1","max-image-preview":"max-image-preview:large","max-video-preview":"max-video-preview:-1"},"canonical":"https:\/\/www.exploreterceiraisland.com\/fr\/planear\/covid-19\/","og_locale":"fr_FR","og_type":"article","og_title":"COVID-19 - Explore Terceira","og_description":"Lors de l&rsquo;\u00e9pid\u00e9mie par le nouveau coronavirus &#8211; COVID-19, le gouvernement portugais a pris toutes les mesures de sant\u00e9 publique n\u00e9cessaires pour prot\u00e9ger l&rsquo;ensemble de la population. L&rsquo;analyse de l&rsquo;\u00e9volution de l&rsquo;\u00e9pid\u00e9mie est constante et la mise en \u0153uvre de nouvelles mesures sera effectu\u00e9e chaque fois que n\u00e9cessaire. Des directives g\u00e9n\u00e9rales de comportement ont \u00e9t\u00e9 [&hellip;]","og_url":"https:\/\/www.exploreterceiraisland.com\/fr\/planear\/covid-19\/","og_site_name":"Explore Terceira","article_publisher":"https:\/\/www.facebook.com\/exploreterceira\/","article_modified_time":"2023-05-09T16:36:03+00:00","og_image":[{"width":2000,"height":657,"url":"https:\/\/www.exploreterceiraisland.com\/wp-content\/uploads\/2020\/12\/entrar-e-sai-da-ilha-terceira.jpg","type":"image\/jpeg"}],"twitter_card":"summary_large_image","twitter_misc":{"Dur\u00e9e de lecture estim\u00e9e":"1 minute"},"schema":{"@context":"https:\/\/schema.org","@graph":[{"@type":"WebPage","@id":"https:\/\/www.exploreterceiraisland.com\/fr\/planear\/covid-19\/","url":"https:\/\/www.exploreterceiraisland.com\/fr\/planear\/covid-19\/","name":"COVID-19 - Explore Terceira","isPartOf":{"@id":"https:\/\/www.exploreterceiraisland.com\/#website"},"primaryImageOfPage":{"@id":"https:\/\/www.exploreterceiraisland.com\/fr\/planear\/covid-19\/#primaryimage"},"image":{"@id":"https:\/\/www.exploreterceiraisland.com\/fr\/planear\/covid-19\/#primaryimage"},"thumbnailUrl":"https:\/\/www.exploreterceiraisland.com\/wp-content\/uploads\/2020\/12\/entrar-e-sai-da-ilha-terceira.jpg","datePublished":"2021-05-28T11:46:05+00:00","dateModified":"2023-05-09T16:36:03+00:00","breadcrumb":{"@id":"https:\/\/www.exploreterceiraisland.com\/fr\/planear\/covid-19\/#breadcrumb"},"inLanguage":"fr-FR","potentialAction":[{"@type":"ReadAction","target":["https:\/\/www.exploreterceiraisland.com\/fr\/planear\/covid-19\/"]}]},{"@type":"ImageObject","inLanguage":"fr-FR","@id":"https:\/\/www.exploreterceiraisland.com\/fr\/planear\/covid-19\/#primaryimage","url":"https:\/\/www.exploreterceiraisland.com\/wp-content\/uploads\/2020\/12\/entrar-e-sai-da-ilha-terceira.jpg","contentUrl":"https:\/\/www.exploreterceiraisland.com\/wp-content\/uploads\/2020\/12\/entrar-e-sai-da-ilha-terceira.jpg","width":2000,"height":657},{"@type":"BreadcrumbList","@id":"https:\/\/www.exploreterceiraisland.com\/fr\/planear\/covid-19\/#breadcrumb","itemListElement":[{"@type":"ListItem","position":1,"name":"Home","item":"https:\/\/www.exploreterceiraisland.com\/fr\/"},{"@type":"ListItem","position":2,"name":"Planifier le voyage","item":"https:\/\/www.exploreterceiraisland.com\/fr\/planear\/"},{"@type":"ListItem","position":3,"name":"COVID-19"}]},{"@type":"WebSite","@id":"https:\/\/www.exploreterceiraisland.com\/#website","url":"https:\/\/www.exploreterceiraisland.com\/","name":"Explore Terceira","description":"Explore a Ilha Terceira e partilhe as suas aventuras connosco!","publisher":{"@id":"https:\/\/www.exploreterceiraisland.com\/#organization"},"potentialAction":[{"@type":"SearchAction","target":{"@type":"EntryPoint","urlTemplate":"https:\/\/www.exploreterceiraisland.com\/?s={search_term_string}"},"query-input":{"@type":"PropertyValueSpecification","valueRequired":true,"valueName":"search_term_string"}}],"inLanguage":"fr-FR"},{"@type":"Organization","@id":"https:\/\/www.exploreterceiraisland.com\/#organization","name":"Explore Terceira","url":"https:\/\/www.exploreterceiraisland.com\/","logo":{"@type":"ImageObject","inLanguage":"fr-FR","@id":"https:\/\/www.exploreterceiraisland.com\/#\/schema\/logo\/image\/","url":"https:\/\/www.exploreterceiraisland.com\/wp-content\/uploads\/2021\/02\/teste.jpg","contentUrl":"https:\/\/www.exploreterceiraisland.com\/wp-content\/uploads\/2021\/02\/teste.jpg","width":1449,"height":962,"caption":"Explore Terceira"},"image":{"@id":"https:\/\/www.exploreterceiraisland.com\/#\/schema\/logo\/image\/"},"sameAs":["https:\/\/www.facebook.com\/exploreterceira\/","https:\/\/www.instagram.com\/exploreterceira\/","https:\/\/www.youtube.com\/channel\/UCgUtDnAn0ym_W89OdzfNLmg"]}]}},"_links":{"self":[{"href":"https:\/\/www.exploreterceiraisland.com\/fr\/wp-json\/wp\/v2\/pages\/45207","targetHints":{"allow":["GET"]}}],"collection":[{"href":"https:\/\/www.exploreterceiraisland.com\/fr\/wp-json\/wp\/v2\/pages"}],"about":[{"href":"https:\/\/www.exploreterceiraisland.com\/fr\/wp-json\/wp\/v2\/types\/page"}],"author":[{"embeddable":true,"href":"https:\/\/www.exploreterceiraisland.com\/fr\/wp-json\/wp\/v2\/users\/10"}],"replies":[{"embeddable":true,"href":"https:\/\/www.exploreterceiraisland.com\/fr\/wp-json\/wp\/v2\/comments?post=45207"}],"version-history":[{"count":0,"href":"https:\/\/www.exploreterceiraisland.com\/fr\/wp-json\/wp\/v2\/pages\/45207\/revisions"}],"up":[{"embeddable":true,"href":"https:\/\/www.exploreterceiraisland.com\/fr\/wp-json\/wp\/v2\/pages\/36242"}],"wp:featuredmedia":[{"embeddable":true,"href":"https:\/\/www.exploreterceiraisland.com\/fr\/wp-json\/wp\/v2\/media\/25077"}],"wp:attachment":[{"href":"https:\/\/www.exploreterceiraisland.com\/fr\/wp-json\/wp\/v2\/media?parent=45207"}],"curies":[{"name":"wp","href":"https:\/\/api.w.org\/{rel}","templated":true}]}}