{"id":53648,"date":"2021-12-23T09:08:11","date_gmt":"2021-12-23T10:08:11","guid":{"rendered":"https:\/\/www.exploreterceira.com\/medias-et-presse\/"},"modified":"2023-05-09T15:33:06","modified_gmt":"2023-05-09T16:33:06","slug":"medias-et-presse","status":"publish","type":"page","link":"https:\/\/www.exploreterceiraisland.com\/fr\/medias-et-presse\/","title":{"rendered":"M\u00e9dias et Presse"},"content":{"rendered":"\t\t<div data-elementor-type=\"wp-page\" data-elementor-id=\"53648\" class=\"elementor elementor-53648 elementor-51770\" data-elementor-post-type=\"page\">\n\t\t\t\t\t\t<section class=\"elementor-section elementor-top-section elementor-element elementor-element-2e8305fa header01 elementor-section-boxed elementor-section-height-default elementor-section-height-default\" data-id=\"2e8305fa\" data-element_type=\"section\" data-e-type=\"section\" data-settings=\"{&quot;background_background&quot;:&quot;classic&quot;}\">\n\t\t\t\t\t\t<div class=\"elementor-container elementor-column-gap-default\">\n\t\t\t\t\t<div class=\"elementor-column elementor-col-100 elementor-top-column elementor-element elementor-element-6484212f\" data-id=\"6484212f\" data-element_type=\"column\" data-e-type=\"column\">\n\t\t\t<div class=\"elementor-widget-wrap\">\n\t\t\t\t\t\t\t<\/div>\n\t\t<\/div>\n\t\t\t\t\t<\/div>\n\t\t<\/section>\n\t\t\t\t<section class=\"elementor-section elementor-top-section elementor-element elementor-element-60c1b79 elementor-section-boxed elementor-section-height-default elementor-section-height-default\" data-id=\"60c1b79\" data-element_type=\"section\" data-e-type=\"section\">\n\t\t\t\t\t\t<div class=\"elementor-container elementor-column-gap-wide\">\n\t\t\t\t\t<div class=\"elementor-column elementor-col-100 elementor-top-column elementor-element elementor-element-17f7cb0\" data-id=\"17f7cb0\" data-element_type=\"column\" data-e-type=\"column\">\n\t\t\t<div class=\"elementor-widget-wrap elementor-element-populated\">\n\t\t\t\t\t\t<div class=\"elementor-element elementor-element-1453391 elementor-widget elementor-widget-heading\" data-id=\"1453391\" data-element_type=\"widget\" data-e-type=\"widget\" data-widget_type=\"heading.default\">\n\t\t\t\t<div class=\"elementor-widget-container\">\n\t\t\t\t\t<h1 class=\"elementor-heading-title elementor-size-default\">M\u00e9dias et Presse<\/h1>\t\t\t\t<\/div>\n\t\t\t\t<\/div>\n\t\t\t\t<div class=\"elementor-element elementor-element-9eb1c86 elementor-widget elementor-widget-heading\" data-id=\"9eb1c86\" data-element_type=\"widget\" data-e-type=\"widget\" data-widget_type=\"heading.default\">\n\t\t\t\t<div class=\"elementor-widget-container\">\n\t\t\t\t\t<h5 class=\"elementor-heading-title elementor-size-default\">Si vous travaillez pour une entreprise m\u00e9diatique et \u00eates int\u00e9ress\u00e9 par un voyage de presse sur l'\u00eele de Terceira ou si vous avez besoin de vid\u00e9os et de photos \u00e0 utiliser dans des publications nationales ou internationales sur l'\u00eele de Terceira.<\/h5>\t\t\t\t<\/div>\n\t\t\t\t<\/div>\n\t\t\t\t<div class=\"elementor-element elementor-element-df95866 elementor-widget elementor-widget-text-editor\" data-id=\"df95866\" data-element_type=\"widget\" data-e-type=\"widget\" data-widget_type=\"text-editor.default\">\n\t\t\t\t<div class=\"elementor-widget-container\">\n\t\t\t\t\t\t\t\t\tVeuillez remplir le formulaire afin que nous puissions vous contacter.\t\t\t\t\t\t\t\t<\/div>\n\t\t\t\t<\/div>\n\t\t\t\t<div class=\"elementor-element elementor-element-f9e64e3 elementor-button-align-stretch elementor-widget elementor-widget-form\" data-id=\"f9e64e3\" data-element_type=\"widget\" data-e-type=\"widget\" data-settings=\"{&quot;step_next_label&quot;:&quot;Prochain&quot;,&quot;step_previous_label&quot;:&quot;Pr\\u00e9c\\u00e9dente&quot;,&quot;step_type&quot;:&quot;none&quot;,&quot;step_icon_shape&quot;:&quot;none&quot;,&quot;button_width&quot;:&quot;100&quot;}\" data-widget_type=\"form.default\">\n\t\t\t\t<div class=\"elementor-widget-container\">\n\t\t\t\t\t\t\t<form class=\"elementor-form\" method=\"post\" name=\"Nouvelle forme\" aria-label=\"Nouvelle forme\">\n\t\t\t<input type=\"hidden\" name=\"post_id\" value=\"53648\"\/>\n\t\t\t<input type=\"hidden\" name=\"form_id\" value=\"f9e64e3\"\/>\n\t\t\t<input type=\"hidden\" name=\"referer_title\" value=\"M\u00e9dias et Presse - A\u00e7ores: Explore Terceira\" \/>\n\n\t\t\t\t\t\t\t<input type=\"hidden\" name=\"queried_id\" value=\"53648\"\/>\n\t\t\t\n\t\t\t<div class=\"elementor-form-fields-wrapper elementor-labels-above\">\n\t\t\t\t\t\t\t\t<div class=\"elementor-field-type-text elementor-field-group elementor-column elementor-field-group-name elementor-col-50 elementor-field-required elementor-mark-required\">\n\t\t\t\t\t\t\t\t\t\t\t\t<label for=\"form-field-name\" class=\"elementor-field-label\">\n\t\t\t\t\t\t\t\tNom\t\t\t\t\t\t\t<\/label>\n\t\t\t\t\t\t\t\t\t\t\t\t\t\t<input size=\"1\" type=\"text\" name=\"form_fields[name]\" id=\"form-field-name\" class=\"elementor-field elementor-size-sm  elementor-field-textual\" required=\"required\">\n\t\t\t\t\t\t\t\t\t\t\t<\/div>\n\t\t\t\t\t\t\t\t<div class=\"elementor-field-type-email elementor-field-group elementor-column elementor-field-group-email elementor-col-50 elementor-field-required elementor-mark-required\">\n\t\t\t\t\t\t\t\t\t\t\t\t<label for=\"form-field-email\" class=\"elementor-field-label\">\n\t\t\t\t\t\t\t\tEmail\t\t\t\t\t\t\t<\/label>\n\t\t\t\t\t\t\t\t\t\t\t\t\t\t<input size=\"1\" type=\"email\" name=\"form_fields[email]\" id=\"form-field-email\" class=\"elementor-field elementor-size-sm  elementor-field-textual\" required=\"required\">\n\t\t\t\t\t\t\t\t\t\t\t<\/div>\n\t\t\t\t\t\t\t\t<div class=\"elementor-field-type-text elementor-field-group elementor-column elementor-field-group-field_pais elementor-col-50\">\n\t\t\t\t\t\t\t\t\t\t\t\t<label for=\"form-field-field_pais\" class=\"elementor-field-label\">\n\t\t\t\t\t\t\t\tPays\t\t\t\t\t\t\t<\/label>\n\t\t\t\t\t\t\t\t\t\t\t\t\t\t<input size=\"1\" type=\"text\" name=\"form_fields[field_pais]\" id=\"form-field-field_pais\" class=\"elementor-field elementor-size-sm  elementor-field-textual\">\n\t\t\t\t\t\t\t\t\t\t\t<\/div>\n\t\t\t\t\t\t\t\t<div class=\"elementor-field-type-text elementor-field-group elementor-column elementor-field-group-field_assunto elementor-col-50 elementor-field-required elementor-mark-required\">\n\t\t\t\t\t\t\t\t\t\t\t\t<label for=\"form-field-field_assunto\" class=\"elementor-field-label\">\n\t\t\t\t\t\t\t\tSujet\t\t\t\t\t\t\t<\/label>\n\t\t\t\t\t\t\t\t\t\t\t\t\t\t<input size=\"1\" type=\"text\" name=\"form_fields[field_assunto]\" id=\"form-field-field_assunto\" class=\"elementor-field elementor-size-sm  elementor-field-textual\" required=\"required\">\n\t\t\t\t\t\t\t\t\t\t\t<\/div>\n\t\t\t\t\t\t\t\t<div class=\"elementor-field-type-textarea elementor-field-group elementor-column elementor-field-group-message elementor-col-100 elementor-field-required elementor-mark-required\">\n\t\t\t\t\t\t\t\t\t\t\t\t<label for=\"form-field-message\" class=\"elementor-field-label\">\n\t\t\t\t\t\t\t\tMessage\t\t\t\t\t\t\t<\/label>\n\t\t\t\t\t\t<textarea class=\"elementor-field-textual elementor-field  elementor-size-sm\" name=\"form_fields[message]\" id=\"form-field-message\" rows=\"4\" required=\"required\"><\/textarea>\t\t\t\t<\/div>\n\t\t\t\t\t\t\t\t<div class=\"elementor-field-group elementor-column elementor-field-type-submit elementor-col-100 e-form__buttons\">\n\t\t\t\t\t<button class=\"elementor-button elementor-size-sm\" type=\"submit\">\n\t\t\t\t\t\t<span class=\"elementor-button-content-wrapper\">\n\t\t\t\t\t\t\t\t\t\t\t\t\t\t\t\t\t\t\t\t\t\t<span class=\"elementor-button-text\">Envoyer le Message<\/span>\n\t\t\t\t\t\t\t\t\t\t\t\t\t<\/span>\n\t\t\t\t\t<\/button>\n\t\t\t\t<\/div>\n\t\t\t<\/div>\n\t\t<\/form>\n\t\t\t\t\t\t<\/div>\n\t\t\t\t<\/div>\n\t\t\t\t\t<\/div>\n\t\t<\/div>\n\t\t\t\t\t<\/div>\n\t\t<\/section>\n\t\t\t\t<\/div>\n\t\t","protected":false},"excerpt":{"rendered":"<p>Si vous travaillez pour une entreprise de m\u00e9dias et \u00eates int\u00e9ress\u00e9 par un voyage de presse sur l&rsquo;\u00eele de Terceira ou avez besoin de vid\u00e9os et de photos \u00e0 utiliser dans des publications nationales ou internationales sur l&rsquo;\u00eele de Terceira.<\/p>\n","protected":false},"author":2,"featured_media":0,"parent":0,"menu_order":0,"comment_status":"closed","ping_status":"closed","template":"elementor_header_footer","meta":{"footnotes":"","_links_to":"","_links_to_target":""},"class_list":["post-53648","page","type-page","status-publish","hentry"],"yoast_head":"<!-- This site is optimized with the Yoast SEO plugin v27.2 - https:\/\/yoast.com\/product\/yoast-seo-wordpress\/ -->\n<title>M\u00e9dias et Presse - A\u00e7ores: Explore Terceira<\/title>\n<meta name=\"robots\" content=\"index, follow, max-snippet:-1, max-image-preview:large, max-video-preview:-1\" \/>\n<link rel=\"canonical\" href=\"https:\/\/www.exploreterceiraisland.com\/fr\/medias-et-presse\/\" \/>\n<meta property=\"og:locale\" content=\"fr_FR\" \/>\n<meta property=\"og:type\" content=\"article\" \/>\n<meta property=\"og:title\" content=\"M\u00e9dias et Presse - A\u00e7ores: Explore Terceira\" \/>\n<meta property=\"og:description\" content=\"Si vous travaillez pour une entreprise de m\u00e9dias et \u00eates int\u00e9ress\u00e9 par un voyage de presse sur l&#039;\u00eele de Terceira ou avez besoin de vid\u00e9os et de photos \u00e0 utiliser dans des publications nationales ou internationales sur l&#039;\u00eele de Terceira.\" \/>\n<meta property=\"og:url\" content=\"https:\/\/www.exploreterceiraisland.com\/fr\/medias-et-presse\/\" \/>\n<meta property=\"og:site_name\" content=\"Explore Terceira\" \/>\n<meta property=\"article:publisher\" content=\"https:\/\/www.facebook.com\/exploreterceira\/\" \/>\n<meta property=\"article:modified_time\" content=\"2023-05-09T16:33:06+00:00\" \/>\n<meta name=\"twitter:card\" content=\"summary_large_image\" \/>\n<script type=\"application\/ld+json\" class=\"yoast-schema-graph\">{\"@context\":\"https:\/\/schema.org\",\"@graph\":[{\"@type\":\"WebPage\",\"@id\":\"https:\/\/www.exploreterceiraisland.com\/fr\/medias-et-presse\/\",\"url\":\"https:\/\/www.exploreterceiraisland.com\/fr\/medias-et-presse\/\",\"name\":\"M\u00e9dias et Presse - A\u00e7ores: Explore Terceira\",\"isPartOf\":{\"@id\":\"https:\/\/www.exploreterceiraisland.com\/#website\"},\"datePublished\":\"2021-12-23T10:08:11+00:00\",\"dateModified\":\"2023-05-09T16:33:06+00:00\",\"breadcrumb\":{\"@id\":\"https:\/\/www.exploreterceiraisland.com\/fr\/medias-et-presse\/#breadcrumb\"},\"inLanguage\":\"fr-FR\",\"potentialAction\":[{\"@type\":\"ReadAction\",\"target\":[\"https:\/\/www.exploreterceiraisland.com\/fr\/medias-et-presse\/\"]}]},{\"@type\":\"BreadcrumbList\",\"@id\":\"https:\/\/www.exploreterceiraisland.com\/fr\/medias-et-presse\/#breadcrumb\",\"itemListElement\":[{\"@type\":\"ListItem\",\"position\":1,\"name\":\"Home\",\"item\":\"https:\/\/www.exploreterceiraisland.com\/fr\/\"},{\"@type\":\"ListItem\",\"position\":2,\"name\":\"M\u00e9dias et Presse\"}]},{\"@type\":\"WebSite\",\"@id\":\"https:\/\/www.exploreterceiraisland.com\/#website\",\"url\":\"https:\/\/www.exploreterceiraisland.com\/\",\"name\":\"Explore Terceira\",\"description\":\"Explore a Ilha Terceira e partilhe as suas aventuras connosco!\",\"publisher\":{\"@id\":\"https:\/\/www.exploreterceiraisland.com\/#organization\"},\"potentialAction\":[{\"@type\":\"SearchAction\",\"target\":{\"@type\":\"EntryPoint\",\"urlTemplate\":\"https:\/\/www.exploreterceiraisland.com\/?s={search_term_string}\"},\"query-input\":{\"@type\":\"PropertyValueSpecification\",\"valueRequired\":true,\"valueName\":\"search_term_string\"}}],\"inLanguage\":\"fr-FR\"},{\"@type\":\"Organization\",\"@id\":\"https:\/\/www.exploreterceiraisland.com\/#organization\",\"name\":\"Explore Terceira\",\"url\":\"https:\/\/www.exploreterceiraisland.com\/\",\"logo\":{\"@type\":\"ImageObject\",\"inLanguage\":\"fr-FR\",\"@id\":\"https:\/\/www.exploreterceiraisland.com\/#\/schema\/logo\/image\/\",\"url\":\"https:\/\/www.exploreterceiraisland.com\/wp-content\/uploads\/2021\/02\/teste.jpg\",\"contentUrl\":\"https:\/\/www.exploreterceiraisland.com\/wp-content\/uploads\/2021\/02\/teste.jpg\",\"width\":1449,\"height\":962,\"caption\":\"Explore Terceira\"},\"image\":{\"@id\":\"https:\/\/www.exploreterceiraisland.com\/#\/schema\/logo\/image\/\"},\"sameAs\":[\"https:\/\/www.facebook.com\/exploreterceira\/\",\"https:\/\/www.instagram.com\/exploreterceira\/\",\"https:\/\/www.youtube.com\/channel\/UCgUtDnAn0ym_W89OdzfNLmg\"]}]}<\/script>\n<!-- \/ Yoast SEO plugin. -->","yoast_head_json":{"title":"M\u00e9dias et Presse - A\u00e7ores: Explore Terceira","robots":{"index":"index","follow":"follow","max-snippet":"max-snippet:-1","max-image-preview":"max-image-preview:large","max-video-preview":"max-video-preview:-1"},"canonical":"https:\/\/www.exploreterceiraisland.com\/fr\/medias-et-presse\/","og_locale":"fr_FR","og_type":"article","og_title":"M\u00e9dias et Presse - A\u00e7ores: Explore Terceira","og_description":"Si vous travaillez pour une entreprise de m\u00e9dias et \u00eates int\u00e9ress\u00e9 par un voyage de presse sur l'\u00eele de Terceira ou avez besoin de vid\u00e9os et de photos \u00e0 utiliser dans des publications nationales ou internationales sur l'\u00eele de Terceira.","og_url":"https:\/\/www.exploreterceiraisland.com\/fr\/medias-et-presse\/","og_site_name":"Explore Terceira","article_publisher":"https:\/\/www.facebook.com\/exploreterceira\/","article_modified_time":"2023-05-09T16:33:06+00:00","twitter_card":"summary_large_image","schema":{"@context":"https:\/\/schema.org","@graph":[{"@type":"WebPage","@id":"https:\/\/www.exploreterceiraisland.com\/fr\/medias-et-presse\/","url":"https:\/\/www.exploreterceiraisland.com\/fr\/medias-et-presse\/","name":"M\u00e9dias et Presse - A\u00e7ores: Explore Terceira","isPartOf":{"@id":"https:\/\/www.exploreterceiraisland.com\/#website"},"datePublished":"2021-12-23T10:08:11+00:00","dateModified":"2023-05-09T16:33:06+00:00","breadcrumb":{"@id":"https:\/\/www.exploreterceiraisland.com\/fr\/medias-et-presse\/#breadcrumb"},"inLanguage":"fr-FR","potentialAction":[{"@type":"ReadAction","target":["https:\/\/www.exploreterceiraisland.com\/fr\/medias-et-presse\/"]}]},{"@type":"BreadcrumbList","@id":"https:\/\/www.exploreterceiraisland.com\/fr\/medias-et-presse\/#breadcrumb","itemListElement":[{"@type":"ListItem","position":1,"name":"Home","item":"https:\/\/www.exploreterceiraisland.com\/fr\/"},{"@type":"ListItem","position":2,"name":"M\u00e9dias et Presse"}]},{"@type":"WebSite","@id":"https:\/\/www.exploreterceiraisland.com\/#website","url":"https:\/\/www.exploreterceiraisland.com\/","name":"Explore Terceira","description":"Explore a Ilha Terceira e partilhe as suas aventuras connosco!","publisher":{"@id":"https:\/\/www.exploreterceiraisland.com\/#organization"},"potentialAction":[{"@type":"SearchAction","target":{"@type":"EntryPoint","urlTemplate":"https:\/\/www.exploreterceiraisland.com\/?s={search_term_string}"},"query-input":{"@type":"PropertyValueSpecification","valueRequired":true,"valueName":"search_term_string"}}],"inLanguage":"fr-FR"},{"@type":"Organization","@id":"https:\/\/www.exploreterceiraisland.com\/#organization","name":"Explore Terceira","url":"https:\/\/www.exploreterceiraisland.com\/","logo":{"@type":"ImageObject","inLanguage":"fr-FR","@id":"https:\/\/www.exploreterceiraisland.com\/#\/schema\/logo\/image\/","url":"https:\/\/www.exploreterceiraisland.com\/wp-content\/uploads\/2021\/02\/teste.jpg","contentUrl":"https:\/\/www.exploreterceiraisland.com\/wp-content\/uploads\/2021\/02\/teste.jpg","width":1449,"height":962,"caption":"Explore Terceira"},"image":{"@id":"https:\/\/www.exploreterceiraisland.com\/#\/schema\/logo\/image\/"},"sameAs":["https:\/\/www.facebook.com\/exploreterceira\/","https:\/\/www.instagram.com\/exploreterceira\/","https:\/\/www.youtube.com\/channel\/UCgUtDnAn0ym_W89OdzfNLmg"]}]}},"_links":{"self":[{"href":"https:\/\/www.exploreterceiraisland.com\/fr\/wp-json\/wp\/v2\/pages\/53648","targetHints":{"allow":["GET"]}}],"collection":[{"href":"https:\/\/www.exploreterceiraisland.com\/fr\/wp-json\/wp\/v2\/pages"}],"about":[{"href":"https:\/\/www.exploreterceiraisland.com\/fr\/wp-json\/wp\/v2\/types\/page"}],"author":[{"embeddable":true,"href":"https:\/\/www.exploreterceiraisland.com\/fr\/wp-json\/wp\/v2\/users\/2"}],"replies":[{"embeddable":true,"href":"https:\/\/www.exploreterceiraisland.com\/fr\/wp-json\/wp\/v2\/comments?post=53648"}],"version-history":[{"count":0,"href":"https:\/\/www.exploreterceiraisland.com\/fr\/wp-json\/wp\/v2\/pages\/53648\/revisions"}],"wp:attachment":[{"href":"https:\/\/www.exploreterceiraisland.com\/fr\/wp-json\/wp\/v2\/media?parent=53648"}],"curies":[{"name":"wp","href":"https:\/\/api.w.org\/{rel}","templated":true}]}}